{"id":1510,"date":"2021-01-08T16:04:46","date_gmt":"2021-01-08T16:04:46","guid":{"rendered":"https:\/\/design.net2rent.com\/vacances\/termes-i-condicions-de-lloguer\/"},"modified":"2021-01-11T09:06:33","modified_gmt":"2021-01-11T09:06:33","slug":"termes-i-condicions-de-lloguer","status":"publish","type":"page","link":"https:\/\/www.vacancescostabrava.cat\/ca\/termes-i-condicions-de-lloguer\/","title":{"rendered":"Termes i condicions de Lloguer"},"content":{"rendered":"\t\t<div data-elementor-type=\"wp-page\" data-elementor-id=\"1510\" class=\"elementor elementor-1510 elementor-1501\" data-elementor-post-type=\"page\">\n\t\t\t\t\t\t<section class=\"elementor-section elementor-top-section elementor-element elementor-element-ff81d68 elementor-section-boxed elementor-section-height-default elementor-section-height-default\" data-id=\"ff81d68\" data-element_type=\"section\" data-e-type=\"section\">\n\t\t\t\t\t\t<div class=\"elementor-container elementor-column-gap-default\">\n\t\t\t\t\t<div class=\"elementor-column elementor-col-100 elementor-top-column elementor-element elementor-element-e1b0ad7\" data-id=\"e1b0ad7\" data-element_type=\"column\" data-e-type=\"column\">\n\t\t\t<div class=\"elementor-widget-wrap elementor-element-populated\">\n\t\t\t\t\t\t<div class=\"elementor-element elementor-element-18d0e90 condiciones elementor-widget elementor-widget-shortcode\" data-id=\"18d0e90\" data-element_type=\"widget\" data-e-type=\"widget\" data-widget_type=\"shortcode.default\">\n\t\t\t\t<div class=\"elementor-widget-container\">\n\t\t\t\t\t\t\t<div class=\"elementor-shortcode\"><h4>Condicions de lloguer<\/h4><div><div style=\"text-align: justify;\">\r\n<p><span style=\"font-family: helvetica, arial, sans-serif; font-size: 14px;\"><strong>1\/ Condicions de pagament\u00a0<br><\/strong><span lang=\"CA\">- L'import a pagar per confirmar la reserva \u00e9s del 40% de l'import del lloguer, mitjan\u00e7ant transfer\u00e8ncia o pagament amb targeta de cr\u00e8dit, en un termini m\u00e0xim de 3 dies a partir de la data d'aquest contracte (*).\u00a0<br>Si la reserva es fa dins dels 30 dies seg\u00fcents a la data d'arribada, el dip\u00f2sit sol\u00b7licitat ser\u00e0 del 70% de l'import del lloguer.<br><\/span><span lang=\"CA\">- Cal efectuar un segon pagament del 30% de l'import del lloguer almenys 30 dies abans de l'arribada, pagament per transfer\u00e8ncia o amb targeta (*).<br><\/span><span lang=\"CA\">- El saldo del lloguer, la taxa turistica (nom\u00e9s per transfer\u00e8ncia o efectiu), i els accessoris sol\u00b7licitats si n'hi ha, es pagaran abans del check in.<br><\/span><span lang=\"CA\">* Si no es respecten les dates de pagament, es cancel\u00b7lar\u00e0 la reserva i es perdran les quantitats pagades.<\/span><\/span><\/p>\r\n<p><span style=\"font-family: helvetica, arial, sans-serif; font-size: 14px;\"><strong>2\/ Cancel\u00b7laci\u00f3 de la reserva<br><\/strong><span lang=\"CA\">En cas de cancel\u00b7laci\u00f3 de la reserva per part del llogater, aquest haur\u00e0 de notificar per escrit, per correu electr\u00f2nic a<\/span>\u00a0<a href=\"mailto:info@vacancescostabrava.cat\">info@vacancescostabrava.cat<\/a>, la sol\u00b7licitud de cancel\u00b7laci\u00f3. VACANCES COSTA BRAVA reemborsar\u00e0, en funci\u00f3 de la data de notificaci\u00f3 per correu electr\u00f2nic:<br>-\u00a0<span lang=\"CA\" style=\"line-height: 16.8667px;\">Si es cancel\u00b7la 60 dies abans de la data d'arribada, es paga el 70% de l'import amb un m\u00ednim de 100 \u20ac de despeses de gesti\u00f3<\/span>.<br>-\u00a0<span lang=\"CA\" style=\"line-height: 16.8667px;\">Si es cancel\u00b7la entre 60 i 30 dies abans de la data d'arribada, es paga el 50% de l'import menys 100 \u20ac de despeses de gesti\u00f3<\/span>.<br>-\u00a0Si es cancel\u00b7la menys de 30 dies, reserva no reemborsable.\u00a0<br><span lang=\"CA\" style=\"line-height: 16.8667px;\">Si l\u2019inquil\u00ed vol escur\u00e7ar el termini reservat abans de la data de finalitzaci\u00f3 del contracte, no podr\u00e0 negociar el preu ni exigir el reemborsament<\/span>.\u00a0<br>\u00a0 \u00a0 \u2139\ufe0f\u00a0 \u00a0 \u00a0<span lang=\"CA\" style=\"line-height: 16.8667px;\">Us informem que teniu la possibilitat de contractar una asseguran\u00e7a de cancel\u00b7laci\u00f3 (consulteu les condicions i preus a l\u2019enlla\u00e7 seg\u00fcent) que podeu contractar, dins dels 7 dies seg\u00fcents a la reserva, fent clic en aquest enlla\u00e7<\/span>:\u00a0\u00a0\u00a0<a href=\"https:\/\/vacancescostabrava1.attis-insurance.com\/fr\">https:\/\/vacancescostabrava1.attis-insurance.com\/<\/a><\/span><\/p>\r\n<p><span style=\"font-family: helvetica, arial, sans-serif; font-size: 14px;\"><strong>3\/ Horaris d'arribada i sortida<br><\/strong>L\u2019hora d\u2019arribada \u00e9s entre les 16:00 i les 18:00. Si no es respecten aquests horaris, haureu de posar-vos en contacte amb VACANCES COSTA BRAVA per establir un altre dia o hora (sempre amb previ av\u00eds i segons disponibilitat de l'ag\u00e8ncia), amb un suplement a pagar de 50 \u20ac.<br><span lang=\"CA\" style=\"line-height: 16.8667px;\">L\u2019hora de sortida \u00e9s abans de les 10:00h, sempre amb cita pr\u00e8via i segons la disponibilitat de VACANCES COSTA BRAVA.<\/span> S'ha de respectar sempre l'hora de sortida concertada, sin\u00f3 es respecta hi haur\u00e0 una penalitzaci\u00f3.<\/span><\/p>\r\n<p><span style=\"font-family: helvetica, arial, sans-serif; font-size: 14px;\"><span lang=\"CA\" style=\"line-height: 16.8667px;\"><strong>4\/ IMPORTANT: Obligacions del client<\/strong><br>L\u2019<strong>OCUPACI\u00d3<\/strong> de l\u2019allotjament es limitar\u00e0 al nombre de persones indicades al contracte, nens i nadons inclosos. VACANCES COSTA BRAVA pot prohibir l'acc\u00e9s al lloguer si el nombre de persones supera el n\u00famero indicat al contracte o despla\u00e7ar el lloguer si es supera el nombre m\u00e0xim durant el per\u00edode de lloguer, sense cap remborsament ni retornar la fian\u00e7a. L'allotjament nom\u00e9s es lloga per a \u00fas personal, i no comercial.<br><strong>NETEJA:<\/strong> L\u2019arrendatari ha de deixar el lloguer en les mateixes condicions que el troba a l\u2019arribada. Ha de deixar el lloguer ordenat i presentable, independentment de si s\u2019agafa o no l\u2019opci\u00f3 de neteja. Els plats han d\u2019estar nets i col\u00b7locats al seu lloc, la nevera lliure de restes d\u2019aliments i tirar les escombraries. El jard\u00ed o terrassa exterior, com ara la barbacoa, s\u2019ha de deixar en les mateixes condicions que a l\u2019arribada. Si l\u2019arrendatari no deixa el lloguer en les condicions descrites, VACANCES COSTA BRAVA es reserva el dret de cobrar les despeses neteja de la fian\u00e7a.<br><strong>COMUNITATS<\/strong>: L\u2019inquil\u00ed ha de respectar les normes de comunitat que trobar\u00e0 dins de l\u2019allotjament. En cas de neglig\u00e8ncia o mal comportament, VACANCES COSTA BRAVA es reserva el dret de cancel\u00b7lar el contracte de lloguer amb efectes immediats i sense previ av\u00eds.<\/span><br><strong>L'ACC\u00c8S<\/strong>: \u00c9s d\u2019obligaci\u00f3 del llogater de deixar entrar el personal de VACANCES COSTA BRAVA a dins la propietat en cas que s\u2019hi hagi de fer alguna revisi\u00f3, manteniment i\/o reparaci\u00f3 o que tingui jard\u00ed per a poder-ne fer el correcte manteniment.<br><strong>CASES AMB PISCINA<\/strong>: s\u2019haur\u00e0 de deixar entrar al personal de VACANCES COSTA BRAVA, v\u00e0ries vegades per setmana, per a qu\u00e8 pugui fer el manteniment de la piscina. La piscina s\u2019ha de deixar lliure de matalassos o altres objectes perqu\u00e8 els skimmers puguin funcionar correctament. Est\u00e0 totalment prohibit que els gossos o animals es banyin a la piscina.<br><strong>En cas de no deixar entrar al personal de manteniment o de no respectar les obligacions anteriors NO es retornar\u00e0 la fian\u00e7a.<\/strong><\/span><\/p>\r\n<p><span style=\"font-family: helvetica, arial, sans-serif; font-size: 14px;\"><strong>5\/ Fian\u00e7a<br><\/strong><span lang=\"CA\" style=\"line-height: 16.8667px;\">L\u2019import del dip\u00f2sit pot variar en funci\u00f3 de l\u2019allotjament llogat i s\u2019ha d\u2019abonar el dia d\u2019arribada, en efectiu, per transfer\u00e8ncia o amb targeta de cr\u00e8dit a la persona que us rebr\u00e0. Aquest import es retornar\u00e0 en un termini m\u00e0xim de 3 dies despr\u00e9s de la sortida.<\/span><br><span lang=\"CA\" style=\"line-height: 16.8667px;\">Si s\u2019ha malm\u00e8s alguna cosa de l'allotjament, VACANCES COSTA BRAVA es reserva el dret de retenir l\u2019import corresponent per cobrir els danys causats. Si s\u00f3n superiors a l'import del dip\u00f2sit, VACANCES COSTA BRAVA reclamar\u00e0 a l'inquil\u00ed la difer\u00e8ncia per cobrir l'import total del dany i, en cas de no rebre aquest import, prendr\u00e0 les accions legals pertinents<\/span>.<strong>\u00a0<\/strong><\/span><\/p>\r\n<p><span style=\"font-family: helvetica, arial, sans-serif; font-size: 14px;\"><strong>6\/ Inventari del mobiliari<br><\/strong><span lang=\"CA\" style=\"line-height: 16.8667px;\">Es recomana comprovar que tot estigui en ordre. Totes les queixes s\u2019han de presentar dins de les 24 hores seg\u00fcents a la seva arribada. No acceptarem queixes al final de la vostra estada<\/span>.<br><span lang=\"CA\" style=\"line-height: 16.8667px;\">Els immobles llogats disposen dels estris de cuina necessaris per al nombre de persones indicades a cada lloguer. Si falta alguna cosa en el moment de l'arribada (gots, plats, etc.) s'ha de comunicar a l'ag\u00e8ncia el mateix dia. Si durant l'estada hi ha alguna cosa que es trenca, s'ha de comunicar a l'ag\u00e8ncia\u00a0 i retornar l'objecte amb les mateixes caracter\u00edstiques, o b\u00e9 abonar-ne el valor. VACANCES COSTA BRAVA es reserva el dret de retenir l'import dels articles trencats o danyats del dip\u00f2sit<\/span>.<\/span><\/p>\r\n<p><span style=\"font-family: helvetica, arial, sans-serif; font-size: 14px;\"><strong>7\/ Despeses incloses en el preu del lloguer<br><\/strong><span lang=\"CA\" style=\"line-height: 16.8667px;\">Les despeses administratives, el consum d\u2019aigua i gas s\u2019inclouen en el preu del lloguer, a excepci\u00f3 dels allotjaments que, en virtut de les seves caracter\u00edstiques o del per\u00edode de lloguer, poden tenir un consum excessiu. En cas que el preu no inclogui el consum d\u2019aigua i gas, l'ag\u00e8ncia informar\u00e0 de les condicions del lloguer abans de fer la reserva.<br>S'inclou el consum el\u00e8ctric fins a 150 Kw setmanals per als apartaments i 200 Kw per a les cases. Aquests consums est\u00e0n calculats per a un \u00fas normal de cada tipus d'allotjament. Si el consum supera els imports inclosos, els Kw consumits a m\u00e9s es facturaran a 0,35\u20ac\/Kw + IVA.<br>No obstant aix\u00f2, l\u2019aigua, el gas i l\u2019electricitat s\u2019han d\u2019utilitzar de manera responsable, sobretot els aires condicionats, pel b\u00e9 del medi ambient. Les despeses de comunitat, impostos, escombraries, etc. tamb\u00e9 s\u2019inclouen en el preu del lloguer.<\/span><\/span><\/p>\r\n<p><span style=\"font-family: helvetica, arial, sans-serif; font-size: 14px;\"><strong>8\/ Despeses no incloses en el preu del lloguer<br><\/strong>- Taxa tur\u00edstica: segons l\u2019article 17.1 de la Llei 19\/2014 de la Generalitat de Catalunya, el dia de la vostra arribada s\u2019aplicar\u00e0 aquest impost segons el tipus aprovat pel govern.<br>-\u00a0<span lang=\"CA\" style=\"line-height: 16.8667px;\">Neteja final: si voleu optar per aquesta opci\u00f3, se us indicar\u00e0 el preu en fer la reserva. Si no opteu, haureu de deixar l\u2019allotjament net, endre\u00e7at i en les mateixes condicions que el vau trobar en arribar (no es proporcionen productes de neteja). VACANCES COSTA BRAVA es reserva el dret de retenir el dip\u00f2sit per cobrir les despeses de neteja si el lloguer no es troba en aquestes condicions en el moment del checkout.<br><\/span>- Roba de llit: llen\u00e7ols o tovalloles no inclosos en el preu del lloguer. VACANCES COSTA BRAVA ofereix als seus clients un servei de lloguer de roba de llit. Si desitja aquest servei s\u2019ha de comunicar amb antelaci\u00f3, en cas contrari l'ag\u00e8ncia no pot garantir la disponibilitat del seu prove\u00efdor.<br>-\u00a0<span lang=\"CA\" style=\"line-height: 16.8667px;\">Suplement animal: en els lloguers on s\u2019acceptin animals, comproveu l\u2019import a pagar<\/span>.<br><\/span><span style=\"font-size: 10px; font-family: helvetica, arial, sans-serif;\"><span style=\"font-size: 14px;\">-\u00a0<span lang=\"CA\" style=\"line-height: 16.8667px;\">Accessoris: trobareu els diversos accessoris que ofereix l\u2019ag\u00e8ncia en fer la reserva a trav\u00e9s del nostre web<\/span>.<\/span><br><\/span><\/p>\r\n<\/div><\/div><h4>Pol\u00edtica de privacitat<\/h4><div><p><span style=\"font-family: helvetica, arial, sans-serif; font-size: 14px;\">Totes les comunicacions amb vacancescostabrava.cat\/fr per qualsevol mitj\u00e0 o mitjan\u00e7ant la seva adre\u00e7a de correu electr\u00f2nic, o dels formularis d'aquesta web o el seu correu electr\u00f2nic, suposa el consentiment que les seves dades personals seran incorporades als fitxers de VCB L'ESCALA SL amb adre\u00e7a fiscal a Avda. Montg\u00f3 14, 17130 L'Escala, Espanya. Aquestes dades seran tractades d'acord amb la Llei 15\/1999, de 13 de desembre, de protecci\u00f3 de dades personals.<\/span><\/p>\r\n<p><span style=\"font-family: helvetica, arial, sans-serif; font-size: 14px;\">Per tant, l'interessat podr\u00e0 exercir els seus drets d'acc\u00e9s, rectificaci\u00f3, cancel\u00b7laci\u00f3 i oposici\u00f3 respecte de les dades personals contingudes en els fitxers, podent revocar el seu consentiment per escrit en qualsevol moment escrivint a: Vacances Costa Brava - VCB L'ESCALA SL, Av Montg\u00f3,14, 17130 L'Escala o per correu electr\u00f2nic: <a href=\"mailto:info@vacancescostabrava.cat\">info@vacancescostabrava.cat<\/a><\/span><\/p>\r\n<p>\u00a0<\/p>\r\n<p>\u00a0<\/p><\/div><\/div>\n\t\t\t\t\t\t<\/div>\n\t\t\t\t<\/div>\n\t\t\t\t\t<\/div>\n\t\t<\/div>\n\t\t\t\t\t<\/div>\n\t\t<\/section>\n\t\t\t\t<\/div>\n\t\t","protected":false},"excerpt":{"rendered":"","protected":false},"author":1,"featured_media":1096,"parent":0,"menu_order":0,"comment_status":"closed","ping_status":"closed","template":"","meta":{"_joinchat":[],"footnotes":""},"class_list":["post-1510","page","type-page","status-publish","has-post-thumbnail","hentry"],"yoast_head":"<!-- This site is optimized with the Yoast SEO plugin v27.5 - https:\/\/yoast.com\/product\/yoast-seo-wordpress\/ -->\n<title>Termes i condicions de Lloguer - Vacances Costa Brava<\/title>\n<meta name=\"description\" content=\"Apartamentos, casas y villas para alquilar y vender en La Costa Brava. Reserva con Vacances Costa Brava y disfruta de unas vacaciones inolvidables.\" \/>\n<meta name=\"robots\" content=\"index, follow, max-snippet:-1, max-image-preview:large, max-video-preview:-1\" \/>\n<link rel=\"canonical\" href=\"https:\/\/www.vacancescostabrava.cat\/ca\/termes-i-condicions-de-lloguer\/\" \/>\n<meta property=\"og:locale\" content=\"ca_ES\" \/>\n<meta property=\"og:type\" content=\"article\" \/>\n<meta property=\"og:title\" content=\"Termes i condicions de Lloguer - Vacances Costa Brava\" \/>\n<meta property=\"og:description\" content=\"Apartamentos, casas y villas para alquilar y vender en La Costa Brava. Reserva con Vacances Costa Brava y disfruta de unas vacaciones inolvidables.\" \/>\n<meta property=\"og:url\" content=\"https:\/\/www.vacancescostabrava.cat\/ca\/termes-i-condicions-de-lloguer\/\" \/>\n<meta property=\"og:site_name\" content=\"Vacances Costa Brava\" \/>\n<meta property=\"article:modified_time\" content=\"2021-01-11T09:06:33+00:00\" \/>\n<meta property=\"og:image\" content=\"https:\/\/www.vacancescostabrava.cat\/wp-content\/uploads\/2021\/01\/RRS-SS-Vacances-Costa-brava.jpg\" \/>\n\t<meta property=\"og:image:width\" content=\"1280\" \/>\n\t<meta property=\"og:image:height\" content=\"720\" \/>\n\t<meta property=\"og:image:type\" content=\"image\/jpeg\" \/>\n<meta name=\"twitter:card\" content=\"summary_large_image\" \/>\n<script type=\"application\/ld+json\" class=\"yoast-schema-graph\">{\"@context\":\"https:\\\/\\\/schema.org\",\"@graph\":[{\"@type\":\"WebPage\",\"@id\":\"https:\\\/\\\/www.vacancescostabrava.cat\\\/ca\\\/termes-i-condicions-de-lloguer\\\/\",\"url\":\"https:\\\/\\\/www.vacancescostabrava.cat\\\/ca\\\/termes-i-condicions-de-lloguer\\\/\",\"name\":\"Termes i condicions de Lloguer - Vacances Costa Brava\",\"isPartOf\":{\"@id\":\"https:\\\/\\\/www.vacancescostabrava.cat\\\/ca\\\/#website\"},\"primaryImageOfPage\":{\"@id\":\"https:\\\/\\\/www.vacancescostabrava.cat\\\/ca\\\/termes-i-condicions-de-lloguer\\\/#primaryimage\"},\"image\":{\"@id\":\"https:\\\/\\\/www.vacancescostabrava.cat\\\/ca\\\/termes-i-condicions-de-lloguer\\\/#primaryimage\"},\"thumbnailUrl\":\"https:\\\/\\\/www.vacancescostabrava.cat\\\/wp-content\\\/uploads\\\/2021\\\/01\\\/RRS-SS-Vacances-Costa-brava.jpg\",\"datePublished\":\"2021-01-08T16:04:46+00:00\",\"dateModified\":\"2021-01-11T09:06:33+00:00\",\"description\":\"Apartamentos, casas y villas para alquilar y vender en La Costa Brava. Reserva con Vacances Costa Brava y disfruta de unas vacaciones inolvidables.\",\"breadcrumb\":{\"@id\":\"https:\\\/\\\/www.vacancescostabrava.cat\\\/ca\\\/termes-i-condicions-de-lloguer\\\/#breadcrumb\"},\"inLanguage\":\"ca\",\"potentialAction\":[{\"@type\":\"ReadAction\",\"target\":[\"https:\\\/\\\/www.vacancescostabrava.cat\\\/ca\\\/termes-i-condicions-de-lloguer\\\/\"]}]},{\"@type\":\"BreadcrumbList\",\"@id\":\"https:\\\/\\\/www.vacancescostabrava.cat\\\/ca\\\/termes-i-condicions-de-lloguer\\\/#breadcrumb\",\"itemListElement\":[{\"@type\":\"ListItem\",\"position\":1,\"name\":\"Inicio\",\"item\":\"https:\\\/\\\/www.vacancescostabrava.cat\\\/ca\\\/\"},{\"@type\":\"ListItem\",\"position\":2,\"name\":\"Termes i condicions de Lloguer\"}]},{\"@type\":\"WebSite\",\"@id\":\"https:\\\/\\\/www.vacancescostabrava.cat\\\/ca\\\/#website\",\"url\":\"https:\\\/\\\/www.vacancescostabrava.cat\\\/ca\\\/\",\"name\":\"Vacances Costa Brava\",\"description\":\"Alquiler de Apartamentos y Casas y Villas para vacaciones en La Costa Brava. Grup Mart\u00ed, con m\u00e1s de 50 a\u00f1os de experiencia.\",\"publisher\":{\"@id\":\"https:\\\/\\\/www.vacancescostabrava.cat\\\/ca\\\/#organization\"},\"potentialAction\":[{\"@type\":\"SearchAction\",\"target\":{\"@type\":\"EntryPoint\",\"urlTemplate\":\"https:\\\/\\\/www.vacancescostabrava.cat\\\/rental-list-results\\\/?search_text={search_term_string}\"},\"query-input\":{\"@type\":\"PropertyValueSpecification\",\"valueRequired\":true,\"valueName\":\"search_term_string\"}}],\"inLanguage\":\"ca\"},{\"@type\":\"Organization\",\"@id\":\"https:\\\/\\\/www.vacancescostabrava.cat\\\/ca\\\/#organization\",\"name\":\"Vacances Costa Brava\",\"url\":\"https:\\\/\\\/www.vacancescostabrava.cat\\\/ca\\\/\",\"logo\":{\"@type\":\"ImageObject\",\"inLanguage\":\"ca\",\"@id\":\"https:\\\/\\\/www.vacancescostabrava.cat\\\/ca\\\/#\\\/schema\\\/logo\\\/image\\\/\",\"url\":\"https:\\\/\\\/www.vacancescostabrava.cat\\\/wp-content\\\/uploads\\\/2021\\\/01\\\/cropped-logo-prov.png\",\"contentUrl\":\"https:\\\/\\\/www.vacancescostabrava.cat\\\/wp-content\\\/uploads\\\/2021\\\/01\\\/cropped-logo-prov.png\",\"width\":1590,\"height\":327,\"caption\":\"Vacances Costa Brava\"},\"image\":{\"@id\":\"https:\\\/\\\/www.vacancescostabrava.cat\\\/ca\\\/#\\\/schema\\\/logo\\\/image\\\/\"}}]}<\/script>\n<!-- \/ Yoast SEO plugin. -->","yoast_head_json":{"title":"Termes i condicions de Lloguer - Vacances Costa Brava","description":"Apartamentos, casas y villas para alquilar y vender en La Costa Brava. Reserva con Vacances Costa Brava y disfruta de unas vacaciones inolvidables.","robots":{"index":"index","follow":"follow","max-snippet":"max-snippet:-1","max-image-preview":"max-image-preview:large","max-video-preview":"max-video-preview:-1"},"canonical":"https:\/\/www.vacancescostabrava.cat\/ca\/termes-i-condicions-de-lloguer\/","og_locale":"ca_ES","og_type":"article","og_title":"Termes i condicions de Lloguer - Vacances Costa Brava","og_description":"Apartamentos, casas y villas para alquilar y vender en La Costa Brava. Reserva con Vacances Costa Brava y disfruta de unas vacaciones inolvidables.","og_url":"https:\/\/www.vacancescostabrava.cat\/ca\/termes-i-condicions-de-lloguer\/","og_site_name":"Vacances Costa Brava","article_modified_time":"2021-01-11T09:06:33+00:00","og_image":[{"width":1280,"height":720,"url":"https:\/\/www.vacancescostabrava.cat\/wp-content\/uploads\/2021\/01\/RRS-SS-Vacances-Costa-brava.jpg","type":"image\/jpeg"}],"twitter_card":"summary_large_image","schema":{"@context":"https:\/\/schema.org","@graph":[{"@type":"WebPage","@id":"https:\/\/www.vacancescostabrava.cat\/ca\/termes-i-condicions-de-lloguer\/","url":"https:\/\/www.vacancescostabrava.cat\/ca\/termes-i-condicions-de-lloguer\/","name":"Termes i condicions de Lloguer - Vacances Costa Brava","isPartOf":{"@id":"https:\/\/www.vacancescostabrava.cat\/ca\/#website"},"primaryImageOfPage":{"@id":"https:\/\/www.vacancescostabrava.cat\/ca\/termes-i-condicions-de-lloguer\/#primaryimage"},"image":{"@id":"https:\/\/www.vacancescostabrava.cat\/ca\/termes-i-condicions-de-lloguer\/#primaryimage"},"thumbnailUrl":"https:\/\/www.vacancescostabrava.cat\/wp-content\/uploads\/2021\/01\/RRS-SS-Vacances-Costa-brava.jpg","datePublished":"2021-01-08T16:04:46+00:00","dateModified":"2021-01-11T09:06:33+00:00","description":"Apartamentos, casas y villas para alquilar y vender en La Costa Brava. Reserva con Vacances Costa Brava y disfruta de unas vacaciones inolvidables.","breadcrumb":{"@id":"https:\/\/www.vacancescostabrava.cat\/ca\/termes-i-condicions-de-lloguer\/#breadcrumb"},"inLanguage":"ca","potentialAction":[{"@type":"ReadAction","target":["https:\/\/www.vacancescostabrava.cat\/ca\/termes-i-condicions-de-lloguer\/"]}]},{"@type":"BreadcrumbList","@id":"https:\/\/www.vacancescostabrava.cat\/ca\/termes-i-condicions-de-lloguer\/#breadcrumb","itemListElement":[{"@type":"ListItem","position":1,"name":"Inicio","item":"https:\/\/www.vacancescostabrava.cat\/ca\/"},{"@type":"ListItem","position":2,"name":"Termes i condicions de Lloguer"}]},{"@type":"WebSite","@id":"https:\/\/www.vacancescostabrava.cat\/ca\/#website","url":"https:\/\/www.vacancescostabrava.cat\/ca\/","name":"Vacances Costa Brava","description":"Alquiler de Apartamentos y Casas y Villas para vacaciones en La Costa Brava. Grup Mart\u00ed, con m\u00e1s de 50 a\u00f1os de experiencia.","publisher":{"@id":"https:\/\/www.vacancescostabrava.cat\/ca\/#organization"},"potentialAction":[{"@type":"SearchAction","target":{"@type":"EntryPoint","urlTemplate":"https:\/\/www.vacancescostabrava.cat\/rental-list-results\/?search_text={search_term_string}"},"query-input":{"@type":"PropertyValueSpecification","valueRequired":true,"valueName":"search_term_string"}}],"inLanguage":"ca"},{"@type":"Organization","@id":"https:\/\/www.vacancescostabrava.cat\/ca\/#organization","name":"Vacances Costa Brava","url":"https:\/\/www.vacancescostabrava.cat\/ca\/","logo":{"@type":"ImageObject","inLanguage":"ca","@id":"https:\/\/www.vacancescostabrava.cat\/ca\/#\/schema\/logo\/image\/","url":"https:\/\/www.vacancescostabrava.cat\/wp-content\/uploads\/2021\/01\/cropped-logo-prov.png","contentUrl":"https:\/\/www.vacancescostabrava.cat\/wp-content\/uploads\/2021\/01\/cropped-logo-prov.png","width":1590,"height":327,"caption":"Vacances Costa Brava"},"image":{"@id":"https:\/\/www.vacancescostabrava.cat\/ca\/#\/schema\/logo\/image\/"}}]}},"_links":{"self":[{"href":"https:\/\/www.vacancescostabrava.cat\/ca\/wp-json\/wp\/v2\/pages\/1510","targetHints":{"allow":["GET"]}}],"collection":[{"href":"https:\/\/www.vacancescostabrava.cat\/ca\/wp-json\/wp\/v2\/pages"}],"about":[{"href":"https:\/\/www.vacancescostabrava.cat\/ca\/wp-json\/wp\/v2\/types\/page"}],"author":[{"embeddable":true,"href":"https:\/\/www.vacancescostabrava.cat\/ca\/wp-json\/wp\/v2\/users\/1"}],"replies":[{"embeddable":true,"href":"https:\/\/www.vacancescostabrava.cat\/ca\/wp-json\/wp\/v2\/comments?post=1510"}],"version-history":[{"count":0,"href":"https:\/\/www.vacancescostabrava.cat\/ca\/wp-json\/wp\/v2\/pages\/1510\/revisions"}],"wp:featuredmedia":[{"embeddable":true,"href":"https:\/\/www.vacancescostabrava.cat\/ca\/wp-json\/wp\/v2\/media\/1096"}],"wp:attachment":[{"href":"https:\/\/www.vacancescostabrava.cat\/ca\/wp-json\/wp\/v2\/media?parent=1510"}],"curies":[{"name":"wp","href":"https:\/\/api.w.org\/{rel}","templated":true}]}}