{"id":2332,"date":"2022-04-11T17:24:08","date_gmt":"2022-04-11T16:24:08","guid":{"rendered":"https:\/\/www.vacancescostabrava.cat\/productes-i-serveis\/"},"modified":"2022-04-11T17:24:09","modified_gmt":"2022-04-11T16:24:09","slug":"productes-i-serveis","status":"publish","type":"page","link":"https:\/\/www.vacancescostabrava.cat\/ca\/productes-i-serveis\/","title":{"rendered":"Productes i Serveis"},"content":{"rendered":"\t\t<div data-elementor-type=\"wp-page\" data-elementor-id=\"2332\" class=\"elementor elementor-2332 elementor-2315\" data-elementor-post-type=\"page\">\n\t\t\t\t\t\t<section class=\"elementor-section elementor-top-section elementor-element elementor-element-978bcb8 elementor-section-boxed elementor-section-height-default elementor-section-height-default\" data-id=\"978bcb8\" data-element_type=\"section\" data-e-type=\"section\">\n\t\t\t\t\t\t<div class=\"elementor-container elementor-column-gap-default\">\n\t\t\t\t\t<div class=\"elementor-column elementor-col-100 elementor-top-column elementor-element elementor-element-66aa424\" data-id=\"66aa424\" data-element_type=\"column\" data-e-type=\"column\">\n\t\t\t<div class=\"elementor-widget-wrap elementor-element-populated\">\n\t\t\t\t\t\t<div class=\"elementor-element elementor-element-ef14bb9 elementor-widget elementor-widget-text-editor\" data-id=\"ef14bb9\" data-element_type=\"widget\" data-e-type=\"widget\" data-widget_type=\"text-editor.default\">\n\t\t\t\t<div class=\"elementor-widget-container\">\n\t\t\t\t\t\t\t\t\tDescobreix en aquesta secci\u00f3 els productes i serveis addicionals que podr\u00e0s contractar amb Vacances Costa Brava.<strong> Si tens alguna pregunta, contacta amb nosalt<\/strong>\t\t\t\t\t\t\t\t<\/div>\n\t\t\t\t<\/div>\n\t\t\t\t\t<\/div>\n\t\t<\/div>\n\t\t\t\t\t<\/div>\n\t\t<\/section>\n\t\t\t\t<section class=\"elementor-section elementor-top-section elementor-element elementor-element-934c130 elementor-section-boxed elementor-section-height-default elementor-section-height-default\" data-id=\"934c130\" data-element_type=\"section\" data-e-type=\"section\">\n\t\t\t\t\t\t<div class=\"elementor-container elementor-column-gap-default\">\n\t\t\t\t\t<div class=\"elementor-column elementor-col-100 elementor-top-column elementor-element elementor-element-0efe087\" data-id=\"0efe087\" data-element_type=\"column\" data-e-type=\"column\">\n\t\t\t<div class=\"elementor-widget-wrap elementor-element-populated\">\n\t\t\t\t\t\t<div class=\"elementor-element elementor-element-bc58192 elementor-widget elementor-widget-shortcode\" data-id=\"bc58192\" data-element_type=\"widget\" data-e-type=\"widget\" data-widget_type=\"shortcode.default\">\n\t\t\t\t<div class=\"elementor-widget-container\">\n\t\t\t\t\t\t\t<div class=\"elementor-shortcode\"><div class=\"n2r__error n2r__error--shortcode\">\u26a0<!-- n2r ERROR rendering --><\/div> <\/div>\n\t\t\t\t\t\t<\/div>\n\t\t\t\t<\/div>\n\t\t\t\t\t<\/div>\n\t\t<\/div>\n\t\t\t\t\t<\/div>\n\t\t<\/section>\n\t\t\t\t<\/div>\n\t\t","protected":false},"excerpt":{"rendered":"<p>Descobreix en aquesta secci\u00f3 els productes i serveis addicionals que podr\u00e0s contractar amb Vacances Costa Brava. Si tens alguna pregunta, contacta amb nosalt<\/p>\n","protected":false},"author":1,"featured_media":1096,"parent":0,"menu_order":0,"comment_status":"closed","ping_status":"closed","template":"","meta":{"_joinchat":[],"footnotes":""},"class_list":["post-2332","page","type-page","status-publish","has-post-thumbnail","hentry"],"yoast_head":"<!-- This site is optimized with the Yoast SEO plugin v27.5 - https:\/\/yoast.com\/product\/yoast-seo-wordpress\/ -->\n<title>Productes i Serveis - Vacances Costa Brava<\/title>\n<meta name=\"description\" content=\"Apartaments, cases i viles per a llogar i vendre en La Costa Brava. Reserva amb Vacances Costa Brava. Descobreix els nostres productes i serveis.\" \/>\n<meta name=\"robots\" content=\"index, follow, max-snippet:-1, max-image-preview:large, max-video-preview:-1\" \/>\n<link rel=\"canonical\" href=\"https:\/\/www.vacancescostabrava.cat\/ca\/productes-i-serveis\/\" \/>\n<meta property=\"og:locale\" content=\"ca_ES\" \/>\n<meta property=\"og:type\" content=\"article\" \/>\n<meta property=\"og:title\" content=\"Productes i Serveis - Vacances Costa Brava\" \/>\n<meta property=\"og:description\" content=\"Apartaments, cases i viles per a llogar i vendre en La Costa Brava. Reserva amb Vacances Costa Brava. Descobreix els nostres productes i serveis.\" \/>\n<meta property=\"og:url\" content=\"https:\/\/www.vacancescostabrava.cat\/ca\/productes-i-serveis\/\" \/>\n<meta property=\"og:site_name\" content=\"Vacances Costa Brava\" \/>\n<meta property=\"article:modified_time\" content=\"2022-04-11T16:24:09+00:00\" \/>\n<meta property=\"og:image\" content=\"https:\/\/www.vacancescostabrava.cat\/wp-content\/uploads\/2021\/01\/RRS-SS-Vacances-Costa-brava.jpg\" \/>\n\t<meta property=\"og:image:width\" content=\"1280\" \/>\n\t<meta property=\"og:image:height\" content=\"720\" \/>\n\t<meta property=\"og:image:type\" content=\"image\/jpeg\" \/>\n<meta name=\"twitter:card\" content=\"summary_large_image\" \/>\n<script type=\"application\/ld+json\" class=\"yoast-schema-graph\">{\"@context\":\"https:\\\/\\\/schema.org\",\"@graph\":[{\"@type\":\"WebPage\",\"@id\":\"https:\\\/\\\/www.vacancescostabrava.cat\\\/ca\\\/productes-i-serveis\\\/\",\"url\":\"https:\\\/\\\/www.vacancescostabrava.cat\\\/ca\\\/productes-i-serveis\\\/\",\"name\":\"Productes i Serveis - Vacances Costa Brava\",\"isPartOf\":{\"@id\":\"https:\\\/\\\/www.vacancescostabrava.cat\\\/ca\\\/#website\"},\"primaryImageOfPage\":{\"@id\":\"https:\\\/\\\/www.vacancescostabrava.cat\\\/ca\\\/productes-i-serveis\\\/#primaryimage\"},\"image\":{\"@id\":\"https:\\\/\\\/www.vacancescostabrava.cat\\\/ca\\\/productes-i-serveis\\\/#primaryimage\"},\"thumbnailUrl\":\"https:\\\/\\\/www.vacancescostabrava.cat\\\/wp-content\\\/uploads\\\/2021\\\/01\\\/RRS-SS-Vacances-Costa-brava.jpg\",\"datePublished\":\"2022-04-11T16:24:08+00:00\",\"dateModified\":\"2022-04-11T16:24:09+00:00\",\"description\":\"Apartaments, cases i viles per a llogar i vendre en La Costa Brava. Reserva amb Vacances Costa Brava. Descobreix els nostres productes i serveis.\",\"breadcrumb\":{\"@id\":\"https:\\\/\\\/www.vacancescostabrava.cat\\\/ca\\\/productes-i-serveis\\\/#breadcrumb\"},\"inLanguage\":\"ca\",\"potentialAction\":[{\"@type\":\"ReadAction\",\"target\":[\"https:\\\/\\\/www.vacancescostabrava.cat\\\/ca\\\/productes-i-serveis\\\/\"]}]},{\"@type\":\"BreadcrumbList\",\"@id\":\"https:\\\/\\\/www.vacancescostabrava.cat\\\/ca\\\/productes-i-serveis\\\/#breadcrumb\",\"itemListElement\":[{\"@type\":\"ListItem\",\"position\":1,\"name\":\"Inicio\",\"item\":\"https:\\\/\\\/www.vacancescostabrava.cat\\\/ca\\\/\"},{\"@type\":\"ListItem\",\"position\":2,\"name\":\"Productes i Serveis\"}]},{\"@type\":\"WebSite\",\"@id\":\"https:\\\/\\\/www.vacancescostabrava.cat\\\/ca\\\/#website\",\"url\":\"https:\\\/\\\/www.vacancescostabrava.cat\\\/ca\\\/\",\"name\":\"Vacances Costa Brava\",\"description\":\"Alquiler de Apartamentos y Casas y Villas para vacaciones en La Costa Brava. Grup Mart\u00ed, con m\u00e1s de 50 a\u00f1os de experiencia.\",\"publisher\":{\"@id\":\"https:\\\/\\\/www.vacancescostabrava.cat\\\/ca\\\/#organization\"},\"potentialAction\":[{\"@type\":\"SearchAction\",\"target\":{\"@type\":\"EntryPoint\",\"urlTemplate\":\"https:\\\/\\\/www.vacancescostabrava.cat\\\/rental-list-results\\\/?search_text={search_term_string}\"},\"query-input\":{\"@type\":\"PropertyValueSpecification\",\"valueRequired\":true,\"valueName\":\"search_term_string\"}}],\"inLanguage\":\"ca\"},{\"@type\":\"Organization\",\"@id\":\"https:\\\/\\\/www.vacancescostabrava.cat\\\/ca\\\/#organization\",\"name\":\"Vacances Costa Brava\",\"url\":\"https:\\\/\\\/www.vacancescostabrava.cat\\\/ca\\\/\",\"logo\":{\"@type\":\"ImageObject\",\"inLanguage\":\"ca\",\"@id\":\"https:\\\/\\\/www.vacancescostabrava.cat\\\/ca\\\/#\\\/schema\\\/logo\\\/image\\\/\",\"url\":\"https:\\\/\\\/www.vacancescostabrava.cat\\\/wp-content\\\/uploads\\\/2021\\\/01\\\/cropped-logo-prov.png\",\"contentUrl\":\"https:\\\/\\\/www.vacancescostabrava.cat\\\/wp-content\\\/uploads\\\/2021\\\/01\\\/cropped-logo-prov.png\",\"width\":1590,\"height\":327,\"caption\":\"Vacances Costa Brava\"},\"image\":{\"@id\":\"https:\\\/\\\/www.vacancescostabrava.cat\\\/ca\\\/#\\\/schema\\\/logo\\\/image\\\/\"}}]}<\/script>\n<!-- \/ Yoast SEO plugin. -->","yoast_head_json":{"title":"Productes i Serveis - Vacances Costa Brava","description":"Apartaments, cases i viles per a llogar i vendre en La Costa Brava. Reserva amb Vacances Costa Brava. Descobreix els nostres productes i serveis.","robots":{"index":"index","follow":"follow","max-snippet":"max-snippet:-1","max-image-preview":"max-image-preview:large","max-video-preview":"max-video-preview:-1"},"canonical":"https:\/\/www.vacancescostabrava.cat\/ca\/productes-i-serveis\/","og_locale":"ca_ES","og_type":"article","og_title":"Productes i Serveis - Vacances Costa Brava","og_description":"Apartaments, cases i viles per a llogar i vendre en La Costa Brava. Reserva amb Vacances Costa Brava. Descobreix els nostres productes i serveis.","og_url":"https:\/\/www.vacancescostabrava.cat\/ca\/productes-i-serveis\/","og_site_name":"Vacances Costa Brava","article_modified_time":"2022-04-11T16:24:09+00:00","og_image":[{"width":1280,"height":720,"url":"https:\/\/www.vacancescostabrava.cat\/wp-content\/uploads\/2021\/01\/RRS-SS-Vacances-Costa-brava.jpg","type":"image\/jpeg"}],"twitter_card":"summary_large_image","schema":{"@context":"https:\/\/schema.org","@graph":[{"@type":"WebPage","@id":"https:\/\/www.vacancescostabrava.cat\/ca\/productes-i-serveis\/","url":"https:\/\/www.vacancescostabrava.cat\/ca\/productes-i-serveis\/","name":"Productes i Serveis - Vacances Costa Brava","isPartOf":{"@id":"https:\/\/www.vacancescostabrava.cat\/ca\/#website"},"primaryImageOfPage":{"@id":"https:\/\/www.vacancescostabrava.cat\/ca\/productes-i-serveis\/#primaryimage"},"image":{"@id":"https:\/\/www.vacancescostabrava.cat\/ca\/productes-i-serveis\/#primaryimage"},"thumbnailUrl":"https:\/\/www.vacancescostabrava.cat\/wp-content\/uploads\/2021\/01\/RRS-SS-Vacances-Costa-brava.jpg","datePublished":"2022-04-11T16:24:08+00:00","dateModified":"2022-04-11T16:24:09+00:00","description":"Apartaments, cases i viles per a llogar i vendre en La Costa Brava. Reserva amb Vacances Costa Brava. Descobreix els nostres productes i serveis.","breadcrumb":{"@id":"https:\/\/www.vacancescostabrava.cat\/ca\/productes-i-serveis\/#breadcrumb"},"inLanguage":"ca","potentialAction":[{"@type":"ReadAction","target":["https:\/\/www.vacancescostabrava.cat\/ca\/productes-i-serveis\/"]}]},{"@type":"BreadcrumbList","@id":"https:\/\/www.vacancescostabrava.cat\/ca\/productes-i-serveis\/#breadcrumb","itemListElement":[{"@type":"ListItem","position":1,"name":"Inicio","item":"https:\/\/www.vacancescostabrava.cat\/ca\/"},{"@type":"ListItem","position":2,"name":"Productes i Serveis"}]},{"@type":"WebSite","@id":"https:\/\/www.vacancescostabrava.cat\/ca\/#website","url":"https:\/\/www.vacancescostabrava.cat\/ca\/","name":"Vacances Costa Brava","description":"Alquiler de Apartamentos y Casas y Villas para vacaciones en La Costa Brava. Grup Mart\u00ed, con m\u00e1s de 50 a\u00f1os de experiencia.","publisher":{"@id":"https:\/\/www.vacancescostabrava.cat\/ca\/#organization"},"potentialAction":[{"@type":"SearchAction","target":{"@type":"EntryPoint","urlTemplate":"https:\/\/www.vacancescostabrava.cat\/rental-list-results\/?search_text={search_term_string}"},"query-input":{"@type":"PropertyValueSpecification","valueRequired":true,"valueName":"search_term_string"}}],"inLanguage":"ca"},{"@type":"Organization","@id":"https:\/\/www.vacancescostabrava.cat\/ca\/#organization","name":"Vacances Costa Brava","url":"https:\/\/www.vacancescostabrava.cat\/ca\/","logo":{"@type":"ImageObject","inLanguage":"ca","@id":"https:\/\/www.vacancescostabrava.cat\/ca\/#\/schema\/logo\/image\/","url":"https:\/\/www.vacancescostabrava.cat\/wp-content\/uploads\/2021\/01\/cropped-logo-prov.png","contentUrl":"https:\/\/www.vacancescostabrava.cat\/wp-content\/uploads\/2021\/01\/cropped-logo-prov.png","width":1590,"height":327,"caption":"Vacances Costa Brava"},"image":{"@id":"https:\/\/www.vacancescostabrava.cat\/ca\/#\/schema\/logo\/image\/"}}]}},"_links":{"self":[{"href":"https:\/\/www.vacancescostabrava.cat\/ca\/wp-json\/wp\/v2\/pages\/2332","targetHints":{"allow":["GET"]}}],"collection":[{"href":"https:\/\/www.vacancescostabrava.cat\/ca\/wp-json\/wp\/v2\/pages"}],"about":[{"href":"https:\/\/www.vacancescostabrava.cat\/ca\/wp-json\/wp\/v2\/types\/page"}],"author":[{"embeddable":true,"href":"https:\/\/www.vacancescostabrava.cat\/ca\/wp-json\/wp\/v2\/users\/1"}],"replies":[{"embeddable":true,"href":"https:\/\/www.vacancescostabrava.cat\/ca\/wp-json\/wp\/v2\/comments?post=2332"}],"version-history":[{"count":0,"href":"https:\/\/www.vacancescostabrava.cat\/ca\/wp-json\/wp\/v2\/pages\/2332\/revisions"}],"wp:featuredmedia":[{"embeddable":true,"href":"https:\/\/www.vacancescostabrava.cat\/ca\/wp-json\/wp\/v2\/media\/1096"}],"wp:attachment":[{"href":"https:\/\/www.vacancescostabrava.cat\/ca\/wp-json\/wp\/v2\/media?parent=2332"}],"curies":[{"name":"wp","href":"https:\/\/api.w.org\/{rel}","templated":true}]}}