{"id":471,"date":"2020-06-03T14:21:17","date_gmt":"2020-06-03T14:21:17","guid":{"rendered":"http:\/\/design.net2rent.com\/vacances\/desitja-afegir-extres\/"},"modified":"2021-01-11T08:48:33","modified_gmt":"2021-01-11T08:48:33","slug":"desitja-afegir-extres","status":"publish","type":"page","link":"https:\/\/www.vacancescostabrava.cat\/ca\/desitja-afegir-extres\/","title":{"rendered":"Desitja afegir extres?"},"content":{"rendered":"\t\t<div data-elementor-type=\"wp-page\" data-elementor-id=\"471\" class=\"elementor elementor-471 elementor-135\" data-elementor-post-type=\"page\">\n\t\t\t\t\t\t<section class=\"elementor-section elementor-top-section elementor-element elementor-element-c136592 elementor-section-boxed elementor-section-height-default elementor-section-height-default\" data-id=\"c136592\" data-element_type=\"section\" data-e-type=\"section\">\n\t\t\t\t\t\t<div class=\"elementor-container elementor-column-gap-default\">\n\t\t\t\t\t<div class=\"elementor-column elementor-col-100 elementor-top-column elementor-element elementor-element-596ca1b\" data-id=\"596ca1b\" data-element_type=\"column\" data-e-type=\"column\">\n\t\t\t<div class=\"elementor-widget-wrap elementor-element-populated\">\n\t\t\t\t\t\t<div class=\"elementor-element elementor-element-13b3592 elementor-widget elementor-widget-shortcode\" data-id=\"13b3592\" data-element_type=\"widget\" data-e-type=\"widget\" data-widget_type=\"shortcode.default\">\n\t\t\t\t<div class=\"elementor-widget-container\">\n\t\t\t\t\t\t\t<div class=\"elementor-shortcode\">[n2r-booking-extra]<\/div>\n\t\t\t\t\t\t<\/div>\n\t\t\t\t<\/div>\n\t\t\t\t\t<\/div>\n\t\t<\/div>\n\t\t\t\t\t<\/div>\n\t\t<\/section>\n\t\t\t\t<\/div>\n\t\t","protected":false},"excerpt":{"rendered":"<p>[n2r-booking-extra]<\/p>\n","protected":false},"author":1,"featured_media":0,"parent":0,"menu_order":0,"comment_status":"closed","ping_status":"closed","template":"","meta":{"_joinchat":[],"footnotes":""},"class_list":["post-471","page","type-page","status-publish","hentry"],"yoast_head":"<!-- This site is optimized with the Yoast SEO plugin v27.5 - https:\/\/yoast.com\/product\/yoast-seo-wordpress\/ -->\n<title>Desitja afegir extres? - Vacances Costa Brava<\/title>\n<meta name=\"description\" content=\"Apartaments, cases i viles per a llogar i vendre en La Costa Brava. Reserva amb Vacances Costa Brava i gaudeix d&#039;unes vacances inoblidables.\" \/>\n<meta name=\"robots\" content=\"index, follow, max-snippet:-1, max-image-preview:large, max-video-preview:-1\" \/>\n<link rel=\"canonical\" href=\"https:\/\/www.vacancescostabrava.cat\/ca\/desitja-afegir-extres\/\" \/>\n<meta property=\"og:locale\" content=\"ca_ES\" \/>\n<meta property=\"og:type\" content=\"article\" \/>\n<meta property=\"og:title\" content=\"Desitja afegir extres? - Vacances Costa Brava\" \/>\n<meta property=\"og:description\" content=\"Apartaments, cases i viles per a llogar i vendre en La Costa Brava. Reserva amb Vacances Costa Brava i gaudeix d&#039;unes vacances inoblidables.\" \/>\n<meta property=\"og:url\" content=\"https:\/\/www.vacancescostabrava.cat\/ca\/desitja-afegir-extres\/\" \/>\n<meta property=\"og:site_name\" content=\"Vacances Costa Brava\" \/>\n<meta property=\"article:modified_time\" content=\"2021-01-11T08:48:33+00:00\" \/>\n<meta name=\"twitter:card\" content=\"summary_large_image\" \/>\n<script type=\"application\/ld+json\" class=\"yoast-schema-graph\">{\"@context\":\"https:\\\/\\\/schema.org\",\"@graph\":[{\"@type\":\"WebPage\",\"@id\":\"https:\\\/\\\/www.vacancescostabrava.cat\\\/ca\\\/desitja-afegir-extres\\\/\",\"url\":\"https:\\\/\\\/www.vacancescostabrava.cat\\\/ca\\\/desitja-afegir-extres\\\/\",\"name\":\"Desitja afegir extres? - Vacances Costa Brava\",\"isPartOf\":{\"@id\":\"https:\\\/\\\/www.vacancescostabrava.cat\\\/ca\\\/#website\"},\"datePublished\":\"2020-06-03T14:21:17+00:00\",\"dateModified\":\"2021-01-11T08:48:33+00:00\",\"description\":\"Apartaments, cases i viles per a llogar i vendre en La Costa Brava. Reserva amb Vacances Costa Brava i gaudeix d'unes vacances inoblidables.\",\"breadcrumb\":{\"@id\":\"https:\\\/\\\/www.vacancescostabrava.cat\\\/ca\\\/desitja-afegir-extres\\\/#breadcrumb\"},\"inLanguage\":\"ca\",\"potentialAction\":[{\"@type\":\"ReadAction\",\"target\":[\"https:\\\/\\\/www.vacancescostabrava.cat\\\/ca\\\/desitja-afegir-extres\\\/\"]}]},{\"@type\":\"BreadcrumbList\",\"@id\":\"https:\\\/\\\/www.vacancescostabrava.cat\\\/ca\\\/desitja-afegir-extres\\\/#breadcrumb\",\"itemListElement\":[{\"@type\":\"ListItem\",\"position\":1,\"name\":\"Inicio\",\"item\":\"https:\\\/\\\/www.vacancescostabrava.cat\\\/ca\\\/\"},{\"@type\":\"ListItem\",\"position\":2,\"name\":\"Desitja afegir extres?\"}]},{\"@type\":\"WebSite\",\"@id\":\"https:\\\/\\\/www.vacancescostabrava.cat\\\/ca\\\/#website\",\"url\":\"https:\\\/\\\/www.vacancescostabrava.cat\\\/ca\\\/\",\"name\":\"Vacances Costa Brava\",\"description\":\"Alquiler de Apartamentos y Casas y Villas para vacaciones en La Costa Brava. Grup Mart\u00ed, con m\u00e1s de 50 a\u00f1os de experiencia.\",\"publisher\":{\"@id\":\"https:\\\/\\\/www.vacancescostabrava.cat\\\/ca\\\/#organization\"},\"potentialAction\":[{\"@type\":\"SearchAction\",\"target\":{\"@type\":\"EntryPoint\",\"urlTemplate\":\"https:\\\/\\\/www.vacancescostabrava.cat\\\/rental-list-results\\\/?search_text={search_term_string}\"},\"query-input\":{\"@type\":\"PropertyValueSpecification\",\"valueRequired\":true,\"valueName\":\"search_term_string\"}}],\"inLanguage\":\"ca\"},{\"@type\":\"Organization\",\"@id\":\"https:\\\/\\\/www.vacancescostabrava.cat\\\/ca\\\/#organization\",\"name\":\"Vacances Costa Brava\",\"url\":\"https:\\\/\\\/www.vacancescostabrava.cat\\\/ca\\\/\",\"logo\":{\"@type\":\"ImageObject\",\"inLanguage\":\"ca\",\"@id\":\"https:\\\/\\\/www.vacancescostabrava.cat\\\/ca\\\/#\\\/schema\\\/logo\\\/image\\\/\",\"url\":\"https:\\\/\\\/www.vacancescostabrava.cat\\\/wp-content\\\/uploads\\\/2021\\\/01\\\/cropped-logo-prov.png\",\"contentUrl\":\"https:\\\/\\\/www.vacancescostabrava.cat\\\/wp-content\\\/uploads\\\/2021\\\/01\\\/cropped-logo-prov.png\",\"width\":1590,\"height\":327,\"caption\":\"Vacances Costa Brava\"},\"image\":{\"@id\":\"https:\\\/\\\/www.vacancescostabrava.cat\\\/ca\\\/#\\\/schema\\\/logo\\\/image\\\/\"}}]}<\/script>\n<!-- \/ Yoast SEO plugin. -->","yoast_head_json":{"title":"Desitja afegir extres? - Vacances Costa Brava","description":"Apartaments, cases i viles per a llogar i vendre en La Costa Brava. Reserva amb Vacances Costa Brava i gaudeix d'unes vacances inoblidables.","robots":{"index":"index","follow":"follow","max-snippet":"max-snippet:-1","max-image-preview":"max-image-preview:large","max-video-preview":"max-video-preview:-1"},"canonical":"https:\/\/www.vacancescostabrava.cat\/ca\/desitja-afegir-extres\/","og_locale":"ca_ES","og_type":"article","og_title":"Desitja afegir extres? - Vacances Costa Brava","og_description":"Apartaments, cases i viles per a llogar i vendre en La Costa Brava. Reserva amb Vacances Costa Brava i gaudeix d'unes vacances inoblidables.","og_url":"https:\/\/www.vacancescostabrava.cat\/ca\/desitja-afegir-extres\/","og_site_name":"Vacances Costa Brava","article_modified_time":"2021-01-11T08:48:33+00:00","twitter_card":"summary_large_image","schema":{"@context":"https:\/\/schema.org","@graph":[{"@type":"WebPage","@id":"https:\/\/www.vacancescostabrava.cat\/ca\/desitja-afegir-extres\/","url":"https:\/\/www.vacancescostabrava.cat\/ca\/desitja-afegir-extres\/","name":"Desitja afegir extres? - Vacances Costa Brava","isPartOf":{"@id":"https:\/\/www.vacancescostabrava.cat\/ca\/#website"},"datePublished":"2020-06-03T14:21:17+00:00","dateModified":"2021-01-11T08:48:33+00:00","description":"Apartaments, cases i viles per a llogar i vendre en La Costa Brava. Reserva amb Vacances Costa Brava i gaudeix d'unes vacances inoblidables.","breadcrumb":{"@id":"https:\/\/www.vacancescostabrava.cat\/ca\/desitja-afegir-extres\/#breadcrumb"},"inLanguage":"ca","potentialAction":[{"@type":"ReadAction","target":["https:\/\/www.vacancescostabrava.cat\/ca\/desitja-afegir-extres\/"]}]},{"@type":"BreadcrumbList","@id":"https:\/\/www.vacancescostabrava.cat\/ca\/desitja-afegir-extres\/#breadcrumb","itemListElement":[{"@type":"ListItem","position":1,"name":"Inicio","item":"https:\/\/www.vacancescostabrava.cat\/ca\/"},{"@type":"ListItem","position":2,"name":"Desitja afegir extres?"}]},{"@type":"WebSite","@id":"https:\/\/www.vacancescostabrava.cat\/ca\/#website","url":"https:\/\/www.vacancescostabrava.cat\/ca\/","name":"Vacances Costa Brava","description":"Alquiler de Apartamentos y Casas y Villas para vacaciones en La Costa Brava. Grup Mart\u00ed, con m\u00e1s de 50 a\u00f1os de experiencia.","publisher":{"@id":"https:\/\/www.vacancescostabrava.cat\/ca\/#organization"},"potentialAction":[{"@type":"SearchAction","target":{"@type":"EntryPoint","urlTemplate":"https:\/\/www.vacancescostabrava.cat\/rental-list-results\/?search_text={search_term_string}"},"query-input":{"@type":"PropertyValueSpecification","valueRequired":true,"valueName":"search_term_string"}}],"inLanguage":"ca"},{"@type":"Organization","@id":"https:\/\/www.vacancescostabrava.cat\/ca\/#organization","name":"Vacances Costa Brava","url":"https:\/\/www.vacancescostabrava.cat\/ca\/","logo":{"@type":"ImageObject","inLanguage":"ca","@id":"https:\/\/www.vacancescostabrava.cat\/ca\/#\/schema\/logo\/image\/","url":"https:\/\/www.vacancescostabrava.cat\/wp-content\/uploads\/2021\/01\/cropped-logo-prov.png","contentUrl":"https:\/\/www.vacancescostabrava.cat\/wp-content\/uploads\/2021\/01\/cropped-logo-prov.png","width":1590,"height":327,"caption":"Vacances Costa Brava"},"image":{"@id":"https:\/\/www.vacancescostabrava.cat\/ca\/#\/schema\/logo\/image\/"}}]}},"_links":{"self":[{"href":"https:\/\/www.vacancescostabrava.cat\/ca\/wp-json\/wp\/v2\/pages\/471","targetHints":{"allow":["GET"]}}],"collection":[{"href":"https:\/\/www.vacancescostabrava.cat\/ca\/wp-json\/wp\/v2\/pages"}],"about":[{"href":"https:\/\/www.vacancescostabrava.cat\/ca\/wp-json\/wp\/v2\/types\/page"}],"author":[{"embeddable":true,"href":"https:\/\/www.vacancescostabrava.cat\/ca\/wp-json\/wp\/v2\/users\/1"}],"replies":[{"embeddable":true,"href":"https:\/\/www.vacancescostabrava.cat\/ca\/wp-json\/wp\/v2\/comments?post=471"}],"version-history":[{"count":0,"href":"https:\/\/www.vacancescostabrava.cat\/ca\/wp-json\/wp\/v2\/pages\/471\/revisions"}],"wp:attachment":[{"href":"https:\/\/www.vacancescostabrava.cat\/ca\/wp-json\/wp\/v2\/media?parent=471"}],"curies":[{"name":"wp","href":"https:\/\/api.w.org\/{rel}","templated":true}]}}