{"id":1512,"date":"2021-01-08T16:05:13","date_gmt":"2021-01-08T16:05:13","guid":{"rendered":"https:\/\/design.net2rent.com\/vacances\/rental-terms-and-conditions\/"},"modified":"2021-01-11T09:06:44","modified_gmt":"2021-01-11T09:06:44","slug":"rental-terms-and-conditions","status":"publish","type":"page","link":"https:\/\/www.vacancescostabrava.cat\/en\/rental-terms-and-conditions\/","title":{"rendered":"Rental Terms and Conditions"},"content":{"rendered":"\t\t<div data-elementor-type=\"wp-page\" data-elementor-id=\"1512\" class=\"elementor elementor-1512 elementor-1501\" data-elementor-post-type=\"page\">\n\t\t\t\t\t\t<section class=\"elementor-section elementor-top-section elementor-element elementor-element-ff81d68 elementor-section-boxed elementor-section-height-default elementor-section-height-default\" data-id=\"ff81d68\" data-element_type=\"section\" data-e-type=\"section\">\n\t\t\t\t\t\t<div class=\"elementor-container elementor-column-gap-default\">\n\t\t\t\t\t<div class=\"elementor-column elementor-col-100 elementor-top-column elementor-element elementor-element-e1b0ad7\" data-id=\"e1b0ad7\" data-element_type=\"column\" data-e-type=\"column\">\n\t\t\t<div class=\"elementor-widget-wrap elementor-element-populated\">\n\t\t\t\t\t\t<div class=\"elementor-element elementor-element-18d0e90 condiciones elementor-widget elementor-widget-shortcode\" data-id=\"18d0e90\" data-element_type=\"widget\" data-e-type=\"widget\" data-widget_type=\"shortcode.default\">\n\t\t\t\t<div class=\"elementor-widget-container\">\n\t\t\t\t\t\t\t<div class=\"elementor-shortcode\"><h4>Rent conditions<\/h4><div><div>\r\n<p><span style=\"font-size: 14px; font-family: helvetica, arial, sans-serif;\"><strong>1\/ Payment terms<br><\/strong>- The amount to be paid to confirm your reservation is 40% of the rental amount, payment by bank transfer or credit card, within a maximum of 3 days from the date of the contract (*). If the reservation is made within 30 days of the arrival date, the deposit requested will be 70% of the rental amount.<br>- A second payment of 30% of the rental amount must be made at least 30 days before your arrival, payment by transfer or by credit card (*).<br>- The balance of the rental, tourist taxes (only cash or bank transfer) and requested accessories, if there are any, will be paid before the check in.<br>* If the payment dates are not respected, the reservation will be canceled and the amounts paid forfeited.\u00a0<\/span><\/p>\r\n<p><span style=\"font-size: 14px; font-family: helvetica, arial, sans-serif;\"><strong>2\/ Cancellation of reservation<br><\/strong>In the event of cancellation of the reservation by the tenant, he must notify in writing, via email to info@vacancescostabrava.cat, the cancellation request. VACANCES COSTA BRAVA will reimburse, depending on the date of notification by email:<br>- If cancellation 60 days before the date of arrival, 70% of the amount paid with a minimum of 100 \u20ac administration fees.<br>- If cancellation between 60 and 30 days before the date of arrival, 50% of the amount paid minus \u20ac 100 administration fees.<br>- If cancellation less than 30 days, non-refundable reservation.<br>!! We inform you that you have the possibility of taking out cancellation insurance (see conditions and prices at the link below) that you can take out, within 7 days of booking, by clicking on this link: <a href=\"https:\/\/vacancescostabrava1.attis-insurance.com\/en\">https:\/\/vacancescostabrava1.attis-insurance.com\/en<\/a> !!\u00a0<\/span><\/p>\r\n<p><span style=\"font-size: 14px; font-family: helvetica, arial, sans-serif;\"><strong>3\/ Arrival and exit times.<br><\/strong>Arrival time is between 4:00 p.m. and 18:00 p.m. If these times are not respected, you must contact VACANCES COSTA BRAVA to set another meeting day or time (always with notice and subject to availability by the agency), with a supplement to be paid of 50 \u20ac.<br>The departure time is before 10 am by making an appointment with VACANCES COSTA BRAVA according to the agency's availability. The departure time must be strictely respected without exception or a penality will be charged.<\/span><\/p>\r\n<p><span style=\"font-size: 14px; font-family: helvetica, arial, sans-serif;\"><strong>4\/ IMPORTANT: Client's obligations<br><\/strong>The <strong>OCCUPANCY<\/strong> of the accommodation shall be limited to the number of persons indicated in the contract, including children and babies. VACANCES COSTA BRAVA may prohibit access to the accommodation if the number of persons exceeds the number indicated in the contract, or proceed with the removal if the maximum number is exceeded during the rental period, with the immediat cancellation of the reservation with no right to any refund. The accommodation is only rented for personal, non-commercial use.<br><strong>CLEANING:<\/strong> The tenant shall leave the accommodation in the same condition as he\/she found it on arrival. The tenant must leave the accommodation in a presentable and tidy condition, whether or not he\/she takes the cleaning option. The dishes must be clean and put in their place, the fridge must be free of leftovers and the bins emptied. The outside garden or terrace, as well as the barbecue, must be left in the same condition as on arrival. If the tenant does not leave the accommodation in the described condition, VACANCES COSTA BRAVA reserves the right to deduct from the deposit the cost of the cleaning.<\/span><br><span style=\"font-size: 14px; font-family: helvetica, arial, sans-serif;\"><strong>CONDOMINIUM:<\/strong> The tenant must respect the rules of the condominium in which the accommodation is located. In case of negligence or bad behaviour, VACANCES COSTA BRAVA reserves the right to cancel the rental contract with immediate effect and without notice and no refunding.<strong><br>ACCESS:<\/strong> It is the tenant's obligation to let the staff of VACANCES COSTA BRAVA enter the property in case of revisions, maintenance or repairs have to be done or if there is a garden to be able to do the correct maintenance.<br><strong>HOUSES WITH SWIMMING POOL:<\/strong> VACANCES COSTA BRAVA staff must be allowed to enter, when necessary, for the maintenance of the swimming pool. The pool must be free of floating objects for the skimmers to work properly. Dogs or animals are not allowed in the pool. The deposit will not be refund if animals uses the pool.<br><strong>If the tenant does not allow the maintenance staff in or does not comply with the above obligations, the deposit will NOT be refunded.\u00a0<\/strong><\/span><\/p>\r\n<p><span style=\"font-size: 14px; font-family: helvetica, arial, sans-serif;\"><strong>5\/ Deposit<br><\/strong>The amount of the deposit may vary according to the accommodation rented and must be paid in cash, bank transfer or credit card blocking to the person who will receive you on site. This amount will be returned within a maximum of 3 days after departure. If the rental has been damaged, VACANCES COSTA BRAVA reserves the right to withhold the relevant amount to cover the damage caused. If they are greater than the amount of the deposit VACANCES COSTA BRAVA will claim from the tenant the difference to cover the total amount of the damage, and in case of not receiving this amount, will take the relevant legal actions.<\/span><\/p>\r\n<p><span style=\"font-size: 14px; font-family: helvetica, arial, sans-serif;\"><strong>6\/ Furniture inventory<br><\/strong>It is advisable to check that everything is in order. All complaints must be made within 24 hours of your arrival. We will not accept complaints at the end of your stay. The properties have the necessary kitchen utensils for the number of people indicated in each rental. If at the time of arrival something is missing it must be communicated to the agency the same day. If during your stay there is something that breaks, it must be communicated to VACANCES COSTA BRAVA and returned the object with the same characteristics, or paid for its value. VACANCES COSTA BRAVA reserves the right to withhold the amount of broken or damaged item \/ s from the deposit.\u00a0<\/span><br><br><span style=\"font-family: helvetica, arial, sans-serif; font-size: 14px;\"><strong>7\/ Costs included in the rental price<br><\/strong>Water and gas consumption are included in the rental price with the exception of accommodation which, by virtue of their characteristics or the rental period, may have excessive consumption. In the event that the price does not include the consumption of water and gas, VACANCES COSTA BRAVA will inform the rental conditions before making the reservation.<br>The electricity consumption is up to 150 Kw per week for flats and 200 Kw for houses. These consumptions are calculated according to normal use for each type of accommodation. \u00a0If the consumption exceeds the amounts included, the extra Kw consumed will be charged at 0,35\u20ac\/Kw + VAT.<br>However, for the good of the environment, water, gas and electricity must be used responsibly, mainly air conditioning. Condominium fees, taxes, garbage, etc., are also included in the rental price.\u00a0<br><br><strong>8\/ Costs not included in the rental price<br><\/strong>- Tourist taxes: according to article 17.1 of Law 19\/2014 of the Generalitat de Catalunya, on the day of your arrival this tax will be applied according to the rate approved by the government.<br>- Final cleaning: if you wish to take this option, the price will be indicated to you when making the reservation (cleaning products are not provided). If you do not take the option, you must leave the accommodation clean, tidy and in the same condition as you found it when you arrived (cleaning products are not provided). VACANCES COSTA BRAVA reserves the right to withhold the deposit to cover cleaning costs if the rental is not in these conditions at the time of checkout.<br>- Sheets or towels are not included in the rental price. VACANCES COSTA BRAVA provides their customers with a linen rental service. Interest in this service must be communicated in advance, otherwise VACANCES COSTA BRAVA cannot guarantee the availability of its supplier.<br>- Pet supplement: in rentals where animals are accepted, check the amount to be paid.<br>- Accessories: you will find the various accessories offered by the agency, when making the reservation via our website.<\/span><\/p>\r\n<\/div><\/div><h4>Privacity policy<\/h4><div><p><span style=\"font-family: helvetica, arial, sans-serif; font-size: 14px;\">All communications with vacancescostabrava.fr\/cat by any means or through your email address, or the forms of this web or email, implies consent that their personal data will be included in the files of VCB L'ESCALA SL located in Avda. Montg\u00f3 14, 17130 L'Escala, Spain. These data will be treated according to Law 15\/1999 of 13 December on personal data protection.<\/span><\/p>\r\n<p><span style=\"font-family: helvetica, arial, sans-serif; font-size: 14px;\">Therefore, the applicant may exercise their rights of access, rectification, cancellation and opposition regarding the personal data contained in the files, and may revoke their consent in writing at any time by writing to: Vacances Costa Brava - VCB L'ESCALA SL, Av montg\u00f3, 14, 17130 L'Escala or email: <a href=\"mailto:info@vacancescostabrava.fr\">info@vacancescostabrava.cat<\/a><\/span><\/p><\/div><\/div>\n\t\t\t\t\t\t<\/div>\n\t\t\t\t<\/div>\n\t\t\t\t\t<\/div>\n\t\t<\/div>\n\t\t\t\t\t<\/div>\n\t\t<\/section>\n\t\t\t\t<\/div>\n\t\t","protected":false},"excerpt":{"rendered":"","protected":false},"author":1,"featured_media":1097,"parent":0,"menu_order":0,"comment_status":"closed","ping_status":"closed","template":"","meta":{"_joinchat":[],"footnotes":""},"class_list":["post-1512","page","type-page","status-publish","has-post-thumbnail","hentry"],"yoast_head":"<!-- This site is optimized with the Yoast SEO plugin v27.5 - https:\/\/yoast.com\/product\/yoast-seo-wordpress\/ -->\n<title>Rental Terms and Conditions - Vacances Costa Brava<\/title>\n<meta name=\"description\" content=\"Apartamentos, casas y villas para alquilar y vender en La Costa Brava. Reserva con Vacances Costa Brava y disfruta de unas vacaciones inolvidables.\" \/>\n<meta name=\"robots\" content=\"index, follow, max-snippet:-1, max-image-preview:large, max-video-preview:-1\" \/>\n<link rel=\"canonical\" href=\"https:\/\/www.vacancescostabrava.cat\/en\/rental-terms-and-conditions\/\" \/>\n<meta property=\"og:locale\" content=\"en_US\" \/>\n<meta property=\"og:type\" content=\"article\" \/>\n<meta property=\"og:title\" content=\"Rental Terms and Conditions - Vacances Costa Brava\" \/>\n<meta property=\"og:description\" content=\"Apartamentos, casas y villas para alquilar y vender en La Costa Brava. Reserva con Vacances Costa Brava y disfruta de unas vacaciones inolvidables.\" \/>\n<meta property=\"og:url\" content=\"https:\/\/www.vacancescostabrava.cat\/en\/rental-terms-and-conditions\/\" \/>\n<meta property=\"og:site_name\" content=\"Vacances Costa Brava\" \/>\n<meta property=\"article:modified_time\" content=\"2021-01-11T09:06:44+00:00\" \/>\n<meta property=\"og:image\" content=\"https:\/\/www.vacancescostabrava.cat\/wp-content\/uploads\/2021\/01\/RRS-SS-Vacances-Costa-brava.jpg\" \/>\n\t<meta property=\"og:image:width\" content=\"1280\" \/>\n\t<meta property=\"og:image:height\" content=\"720\" \/>\n\t<meta property=\"og:image:type\" content=\"image\/jpeg\" \/>\n<meta name=\"twitter:card\" content=\"summary_large_image\" \/>\n<script type=\"application\/ld+json\" class=\"yoast-schema-graph\">{\"@context\":\"https:\\\/\\\/schema.org\",\"@graph\":[{\"@type\":\"WebPage\",\"@id\":\"https:\\\/\\\/www.vacancescostabrava.cat\\\/en\\\/rental-terms-and-conditions\\\/\",\"url\":\"https:\\\/\\\/www.vacancescostabrava.cat\\\/en\\\/rental-terms-and-conditions\\\/\",\"name\":\"Rental Terms and Conditions - Vacances Costa Brava\",\"isPartOf\":{\"@id\":\"https:\\\/\\\/www.vacancescostabrava.cat\\\/en\\\/#website\"},\"primaryImageOfPage\":{\"@id\":\"https:\\\/\\\/www.vacancescostabrava.cat\\\/en\\\/rental-terms-and-conditions\\\/#primaryimage\"},\"image\":{\"@id\":\"https:\\\/\\\/www.vacancescostabrava.cat\\\/en\\\/rental-terms-and-conditions\\\/#primaryimage\"},\"thumbnailUrl\":\"https:\\\/\\\/www.vacancescostabrava.cat\\\/wp-content\\\/uploads\\\/2021\\\/01\\\/RRS-SS-Vacances-Costa-brava.jpg\",\"datePublished\":\"2021-01-08T16:05:13+00:00\",\"dateModified\":\"2021-01-11T09:06:44+00:00\",\"description\":\"Apartamentos, casas y villas para alquilar y vender en La Costa Brava. Reserva con Vacances Costa Brava y disfruta de unas vacaciones inolvidables.\",\"breadcrumb\":{\"@id\":\"https:\\\/\\\/www.vacancescostabrava.cat\\\/en\\\/rental-terms-and-conditions\\\/#breadcrumb\"},\"inLanguage\":\"en-US\",\"potentialAction\":[{\"@type\":\"ReadAction\",\"target\":[\"https:\\\/\\\/www.vacancescostabrava.cat\\\/en\\\/rental-terms-and-conditions\\\/\"]}]},{\"@type\":\"BreadcrumbList\",\"@id\":\"https:\\\/\\\/www.vacancescostabrava.cat\\\/en\\\/rental-terms-and-conditions\\\/#breadcrumb\",\"itemListElement\":[{\"@type\":\"ListItem\",\"position\":1,\"name\":\"Inicio\",\"item\":\"https:\\\/\\\/www.vacancescostabrava.cat\\\/en\\\/\"},{\"@type\":\"ListItem\",\"position\":2,\"name\":\"Rental Terms and Conditions\"}]},{\"@type\":\"WebSite\",\"@id\":\"https:\\\/\\\/www.vacancescostabrava.cat\\\/en\\\/#website\",\"url\":\"https:\\\/\\\/www.vacancescostabrava.cat\\\/en\\\/\",\"name\":\"Vacances Costa Brava\",\"description\":\"Alquiler de Apartamentos y Casas y Villas para vacaciones en La Costa Brava. Grup Mart\u00ed, con m\u00e1s de 50 a\u00f1os de experiencia.\",\"publisher\":{\"@id\":\"https:\\\/\\\/www.vacancescostabrava.cat\\\/en\\\/#organization\"},\"potentialAction\":[{\"@type\":\"SearchAction\",\"target\":{\"@type\":\"EntryPoint\",\"urlTemplate\":\"https:\\\/\\\/www.vacancescostabrava.cat\\\/rental-list-results\\\/?search_text={search_term_string}\"},\"query-input\":{\"@type\":\"PropertyValueSpecification\",\"valueRequired\":true,\"valueName\":\"search_term_string\"}}],\"inLanguage\":\"en-US\"},{\"@type\":\"Organization\",\"@id\":\"https:\\\/\\\/www.vacancescostabrava.cat\\\/en\\\/#organization\",\"name\":\"Vacances Costa Brava\",\"url\":\"https:\\\/\\\/www.vacancescostabrava.cat\\\/en\\\/\",\"logo\":{\"@type\":\"ImageObject\",\"inLanguage\":\"en-US\",\"@id\":\"https:\\\/\\\/www.vacancescostabrava.cat\\\/en\\\/#\\\/schema\\\/logo\\\/image\\\/\",\"url\":\"https:\\\/\\\/www.vacancescostabrava.cat\\\/wp-content\\\/uploads\\\/2021\\\/01\\\/cropped-logo-prov.png\",\"contentUrl\":\"https:\\\/\\\/www.vacancescostabrava.cat\\\/wp-content\\\/uploads\\\/2021\\\/01\\\/cropped-logo-prov.png\",\"width\":1590,\"height\":327,\"caption\":\"Vacances Costa Brava\"},\"image\":{\"@id\":\"https:\\\/\\\/www.vacancescostabrava.cat\\\/en\\\/#\\\/schema\\\/logo\\\/image\\\/\"}}]}<\/script>\n<!-- \/ Yoast SEO plugin. -->","yoast_head_json":{"title":"Rental Terms and Conditions - Vacances Costa Brava","description":"Apartamentos, casas y villas para alquilar y vender en La Costa Brava. Reserva con Vacances Costa Brava y disfruta de unas vacaciones inolvidables.","robots":{"index":"index","follow":"follow","max-snippet":"max-snippet:-1","max-image-preview":"max-image-preview:large","max-video-preview":"max-video-preview:-1"},"canonical":"https:\/\/www.vacancescostabrava.cat\/en\/rental-terms-and-conditions\/","og_locale":"en_US","og_type":"article","og_title":"Rental Terms and Conditions - Vacances Costa Brava","og_description":"Apartamentos, casas y villas para alquilar y vender en La Costa Brava. Reserva con Vacances Costa Brava y disfruta de unas vacaciones inolvidables.","og_url":"https:\/\/www.vacancescostabrava.cat\/en\/rental-terms-and-conditions\/","og_site_name":"Vacances Costa Brava","article_modified_time":"2021-01-11T09:06:44+00:00","og_image":[{"width":1280,"height":720,"url":"https:\/\/www.vacancescostabrava.cat\/wp-content\/uploads\/2021\/01\/RRS-SS-Vacances-Costa-brava.jpg","type":"image\/jpeg"}],"twitter_card":"summary_large_image","schema":{"@context":"https:\/\/schema.org","@graph":[{"@type":"WebPage","@id":"https:\/\/www.vacancescostabrava.cat\/en\/rental-terms-and-conditions\/","url":"https:\/\/www.vacancescostabrava.cat\/en\/rental-terms-and-conditions\/","name":"Rental Terms and Conditions - Vacances Costa Brava","isPartOf":{"@id":"https:\/\/www.vacancescostabrava.cat\/en\/#website"},"primaryImageOfPage":{"@id":"https:\/\/www.vacancescostabrava.cat\/en\/rental-terms-and-conditions\/#primaryimage"},"image":{"@id":"https:\/\/www.vacancescostabrava.cat\/en\/rental-terms-and-conditions\/#primaryimage"},"thumbnailUrl":"https:\/\/www.vacancescostabrava.cat\/wp-content\/uploads\/2021\/01\/RRS-SS-Vacances-Costa-brava.jpg","datePublished":"2021-01-08T16:05:13+00:00","dateModified":"2021-01-11T09:06:44+00:00","description":"Apartamentos, casas y villas para alquilar y vender en La Costa Brava. Reserva con Vacances Costa Brava y disfruta de unas vacaciones inolvidables.","breadcrumb":{"@id":"https:\/\/www.vacancescostabrava.cat\/en\/rental-terms-and-conditions\/#breadcrumb"},"inLanguage":"en-US","potentialAction":[{"@type":"ReadAction","target":["https:\/\/www.vacancescostabrava.cat\/en\/rental-terms-and-conditions\/"]}]},{"@type":"BreadcrumbList","@id":"https:\/\/www.vacancescostabrava.cat\/en\/rental-terms-and-conditions\/#breadcrumb","itemListElement":[{"@type":"ListItem","position":1,"name":"Inicio","item":"https:\/\/www.vacancescostabrava.cat\/en\/"},{"@type":"ListItem","position":2,"name":"Rental Terms and Conditions"}]},{"@type":"WebSite","@id":"https:\/\/www.vacancescostabrava.cat\/en\/#website","url":"https:\/\/www.vacancescostabrava.cat\/en\/","name":"Vacances Costa Brava","description":"Alquiler de Apartamentos y Casas y Villas para vacaciones en La Costa Brava. Grup Mart\u00ed, con m\u00e1s de 50 a\u00f1os de experiencia.","publisher":{"@id":"https:\/\/www.vacancescostabrava.cat\/en\/#organization"},"potentialAction":[{"@type":"SearchAction","target":{"@type":"EntryPoint","urlTemplate":"https:\/\/www.vacancescostabrava.cat\/rental-list-results\/?search_text={search_term_string}"},"query-input":{"@type":"PropertyValueSpecification","valueRequired":true,"valueName":"search_term_string"}}],"inLanguage":"en-US"},{"@type":"Organization","@id":"https:\/\/www.vacancescostabrava.cat\/en\/#organization","name":"Vacances Costa Brava","url":"https:\/\/www.vacancescostabrava.cat\/en\/","logo":{"@type":"ImageObject","inLanguage":"en-US","@id":"https:\/\/www.vacancescostabrava.cat\/en\/#\/schema\/logo\/image\/","url":"https:\/\/www.vacancescostabrava.cat\/wp-content\/uploads\/2021\/01\/cropped-logo-prov.png","contentUrl":"https:\/\/www.vacancescostabrava.cat\/wp-content\/uploads\/2021\/01\/cropped-logo-prov.png","width":1590,"height":327,"caption":"Vacances Costa Brava"},"image":{"@id":"https:\/\/www.vacancescostabrava.cat\/en\/#\/schema\/logo\/image\/"}}]}},"_links":{"self":[{"href":"https:\/\/www.vacancescostabrava.cat\/en\/wp-json\/wp\/v2\/pages\/1512","targetHints":{"allow":["GET"]}}],"collection":[{"href":"https:\/\/www.vacancescostabrava.cat\/en\/wp-json\/wp\/v2\/pages"}],"about":[{"href":"https:\/\/www.vacancescostabrava.cat\/en\/wp-json\/wp\/v2\/types\/page"}],"author":[{"embeddable":true,"href":"https:\/\/www.vacancescostabrava.cat\/en\/wp-json\/wp\/v2\/users\/1"}],"replies":[{"embeddable":true,"href":"https:\/\/www.vacancescostabrava.cat\/en\/wp-json\/wp\/v2\/comments?post=1512"}],"version-history":[{"count":0,"href":"https:\/\/www.vacancescostabrava.cat\/en\/wp-json\/wp\/v2\/pages\/1512\/revisions"}],"wp:featuredmedia":[{"embeddable":true,"href":"https:\/\/www.vacancescostabrava.cat\/en\/wp-json\/wp\/v2\/media\/1097"}],"wp:attachment":[{"href":"https:\/\/www.vacancescostabrava.cat\/en\/wp-json\/wp\/v2\/media?parent=1512"}],"curies":[{"name":"wp","href":"https:\/\/api.w.org\/{rel}","templated":true}]}}