{"id":2334,"date":"2022-04-11T17:25:31","date_gmt":"2022-04-11T16:25:31","guid":{"rendered":"https:\/\/www.vacancescostabrava.cat\/products-and-services\/"},"modified":"2022-04-11T17:25:31","modified_gmt":"2022-04-11T16:25:31","slug":"products-and-services","status":"publish","type":"page","link":"https:\/\/www.vacancescostabrava.cat\/en\/products-and-services\/","title":{"rendered":"Products and Services"},"content":{"rendered":"\t\t<div data-elementor-type=\"wp-page\" data-elementor-id=\"2334\" class=\"elementor elementor-2334 elementor-2315\" data-elementor-post-type=\"page\">\n\t\t\t\t\t\t<section class=\"elementor-section elementor-top-section elementor-element elementor-element-978bcb8 elementor-section-boxed elementor-section-height-default elementor-section-height-default\" data-id=\"978bcb8\" data-element_type=\"section\" data-e-type=\"section\">\n\t\t\t\t\t\t<div class=\"elementor-container elementor-column-gap-default\">\n\t\t\t\t\t<div class=\"elementor-column elementor-col-100 elementor-top-column elementor-element elementor-element-66aa424\" data-id=\"66aa424\" data-element_type=\"column\" data-e-type=\"column\">\n\t\t\t<div class=\"elementor-widget-wrap elementor-element-populated\">\n\t\t\t\t\t\t<div class=\"elementor-element elementor-element-ef14bb9 elementor-widget elementor-widget-text-editor\" data-id=\"ef14bb9\" data-element_type=\"widget\" data-e-type=\"widget\" data-widget_type=\"text-editor.default\">\n\t\t\t\t<div class=\"elementor-widget-container\">\n\t\t\t\t\t\t\t\t\tDiscover in this section the additional products and services that you can contract with Vacances Costa Brava.<strong> If you have any questions, please contact us.<\/strong>\t\t\t\t\t\t\t\t<\/div>\n\t\t\t\t<\/div>\n\t\t\t\t\t<\/div>\n\t\t<\/div>\n\t\t\t\t\t<\/div>\n\t\t<\/section>\n\t\t\t\t<section class=\"elementor-section elementor-top-section elementor-element elementor-element-934c130 elementor-section-boxed elementor-section-height-default elementor-section-height-default\" data-id=\"934c130\" data-element_type=\"section\" data-e-type=\"section\">\n\t\t\t\t\t\t<div class=\"elementor-container elementor-column-gap-default\">\n\t\t\t\t\t<div class=\"elementor-column elementor-col-100 elementor-top-column elementor-element elementor-element-0efe087\" data-id=\"0efe087\" data-element_type=\"column\" data-e-type=\"column\">\n\t\t\t<div class=\"elementor-widget-wrap elementor-element-populated\">\n\t\t\t\t\t\t<div class=\"elementor-element elementor-element-bc58192 elementor-widget elementor-widget-shortcode\" data-id=\"bc58192\" data-element_type=\"widget\" data-e-type=\"widget\" data-widget_type=\"shortcode.default\">\n\t\t\t\t<div class=\"elementor-widget-container\">\n\t\t\t\t\t\t\t<div class=\"elementor-shortcode\"><div class=\"n2r__error n2r__error--shortcode\">\u26a0<!-- n2r ERROR rendering --><\/div> <\/div>\n\t\t\t\t\t\t<\/div>\n\t\t\t\t<\/div>\n\t\t\t\t\t<\/div>\n\t\t<\/div>\n\t\t\t\t\t<\/div>\n\t\t<\/section>\n\t\t\t\t<\/div>\n\t\t","protected":false},"excerpt":{"rendered":"<p>Discover in this section the additional products and services that you can contract with Vacances Costa Brava. If you have any questions, please contact us.<\/p>\n","protected":false},"author":1,"featured_media":1097,"parent":0,"menu_order":0,"comment_status":"closed","ping_status":"closed","template":"","meta":{"_joinchat":[],"footnotes":""},"class_list":["post-2334","page","type-page","status-publish","has-post-thumbnail","hentry"],"yoast_head":"<!-- This site is optimized with the Yoast SEO plugin v27.5 - https:\/\/yoast.com\/product\/yoast-seo-wordpress\/ -->\n<title>Products and Services - Vacances Costa Brava<\/title>\n<meta name=\"description\" content=\"Apartments, houses and villas for rent and for sale on the Costa Brava. Book with Vacances Costa Brava. Discover our products and services.\" \/>\n<meta name=\"robots\" content=\"index, follow, max-snippet:-1, max-image-preview:large, max-video-preview:-1\" \/>\n<link rel=\"canonical\" href=\"https:\/\/www.vacancescostabrava.cat\/en\/products-and-services\/\" \/>\n<meta property=\"og:locale\" content=\"en_US\" \/>\n<meta property=\"og:type\" content=\"article\" \/>\n<meta property=\"og:title\" content=\"Products and Services - Vacances Costa Brava\" \/>\n<meta property=\"og:description\" content=\"Apartments, houses and villas for rent and for sale on the Costa Brava. Book with Vacances Costa Brava. Discover our products and services.\" \/>\n<meta property=\"og:url\" content=\"https:\/\/www.vacancescostabrava.cat\/en\/products-and-services\/\" \/>\n<meta property=\"og:site_name\" content=\"Vacances Costa Brava\" \/>\n<meta property=\"og:image\" content=\"https:\/\/www.vacancescostabrava.cat\/wp-content\/uploads\/2021\/01\/RRS-SS-Vacances-Costa-brava.jpg\" \/>\n\t<meta property=\"og:image:width\" content=\"1280\" \/>\n\t<meta property=\"og:image:height\" content=\"720\" \/>\n\t<meta property=\"og:image:type\" content=\"image\/jpeg\" \/>\n<meta name=\"twitter:card\" content=\"summary_large_image\" \/>\n<script type=\"application\/ld+json\" class=\"yoast-schema-graph\">{\"@context\":\"https:\\\/\\\/schema.org\",\"@graph\":[{\"@type\":\"WebPage\",\"@id\":\"https:\\\/\\\/www.vacancescostabrava.cat\\\/en\\\/products-and-services\\\/\",\"url\":\"https:\\\/\\\/www.vacancescostabrava.cat\\\/en\\\/products-and-services\\\/\",\"name\":\"Products and Services - Vacances Costa Brava\",\"isPartOf\":{\"@id\":\"https:\\\/\\\/www.vacancescostabrava.cat\\\/en\\\/#website\"},\"primaryImageOfPage\":{\"@id\":\"https:\\\/\\\/www.vacancescostabrava.cat\\\/en\\\/products-and-services\\\/#primaryimage\"},\"image\":{\"@id\":\"https:\\\/\\\/www.vacancescostabrava.cat\\\/en\\\/products-and-services\\\/#primaryimage\"},\"thumbnailUrl\":\"https:\\\/\\\/www.vacancescostabrava.cat\\\/wp-content\\\/uploads\\\/2021\\\/01\\\/RRS-SS-Vacances-Costa-brava.jpg\",\"datePublished\":\"2022-04-11T16:25:31+00:00\",\"description\":\"Apartments, houses and villas for rent and for sale on the Costa Brava. Book with Vacances Costa Brava. Discover our products and services.\",\"breadcrumb\":{\"@id\":\"https:\\\/\\\/www.vacancescostabrava.cat\\\/en\\\/products-and-services\\\/#breadcrumb\"},\"inLanguage\":\"en-US\",\"potentialAction\":[{\"@type\":\"ReadAction\",\"target\":[\"https:\\\/\\\/www.vacancescostabrava.cat\\\/en\\\/products-and-services\\\/\"]}]},{\"@type\":\"BreadcrumbList\",\"@id\":\"https:\\\/\\\/www.vacancescostabrava.cat\\\/en\\\/products-and-services\\\/#breadcrumb\",\"itemListElement\":[{\"@type\":\"ListItem\",\"position\":1,\"name\":\"Inicio\",\"item\":\"https:\\\/\\\/www.vacancescostabrava.cat\\\/en\\\/\"},{\"@type\":\"ListItem\",\"position\":2,\"name\":\"Products and Services\"}]},{\"@type\":\"WebSite\",\"@id\":\"https:\\\/\\\/www.vacancescostabrava.cat\\\/en\\\/#website\",\"url\":\"https:\\\/\\\/www.vacancescostabrava.cat\\\/en\\\/\",\"name\":\"Vacances Costa Brava\",\"description\":\"Alquiler de Apartamentos y Casas y Villas para vacaciones en La Costa Brava. Grup Mart\u00ed, con m\u00e1s de 50 a\u00f1os de experiencia.\",\"publisher\":{\"@id\":\"https:\\\/\\\/www.vacancescostabrava.cat\\\/en\\\/#organization\"},\"potentialAction\":[{\"@type\":\"SearchAction\",\"target\":{\"@type\":\"EntryPoint\",\"urlTemplate\":\"https:\\\/\\\/www.vacancescostabrava.cat\\\/rental-list-results\\\/?search_text={search_term_string}\"},\"query-input\":{\"@type\":\"PropertyValueSpecification\",\"valueRequired\":true,\"valueName\":\"search_term_string\"}}],\"inLanguage\":\"en-US\"},{\"@type\":\"Organization\",\"@id\":\"https:\\\/\\\/www.vacancescostabrava.cat\\\/en\\\/#organization\",\"name\":\"Vacances Costa Brava\",\"url\":\"https:\\\/\\\/www.vacancescostabrava.cat\\\/en\\\/\",\"logo\":{\"@type\":\"ImageObject\",\"inLanguage\":\"en-US\",\"@id\":\"https:\\\/\\\/www.vacancescostabrava.cat\\\/en\\\/#\\\/schema\\\/logo\\\/image\\\/\",\"url\":\"https:\\\/\\\/www.vacancescostabrava.cat\\\/wp-content\\\/uploads\\\/2021\\\/01\\\/cropped-logo-prov.png\",\"contentUrl\":\"https:\\\/\\\/www.vacancescostabrava.cat\\\/wp-content\\\/uploads\\\/2021\\\/01\\\/cropped-logo-prov.png\",\"width\":1590,\"height\":327,\"caption\":\"Vacances Costa Brava\"},\"image\":{\"@id\":\"https:\\\/\\\/www.vacancescostabrava.cat\\\/en\\\/#\\\/schema\\\/logo\\\/image\\\/\"}}]}<\/script>\n<!-- \/ Yoast SEO plugin. -->","yoast_head_json":{"title":"Products and Services - Vacances Costa Brava","description":"Apartments, houses and villas for rent and for sale on the Costa Brava. Book with Vacances Costa Brava. Discover our products and services.","robots":{"index":"index","follow":"follow","max-snippet":"max-snippet:-1","max-image-preview":"max-image-preview:large","max-video-preview":"max-video-preview:-1"},"canonical":"https:\/\/www.vacancescostabrava.cat\/en\/products-and-services\/","og_locale":"en_US","og_type":"article","og_title":"Products and Services - Vacances Costa Brava","og_description":"Apartments, houses and villas for rent and for sale on the Costa Brava. Book with Vacances Costa Brava. Discover our products and services.","og_url":"https:\/\/www.vacancescostabrava.cat\/en\/products-and-services\/","og_site_name":"Vacances Costa Brava","og_image":[{"width":1280,"height":720,"url":"https:\/\/www.vacancescostabrava.cat\/wp-content\/uploads\/2021\/01\/RRS-SS-Vacances-Costa-brava.jpg","type":"image\/jpeg"}],"twitter_card":"summary_large_image","schema":{"@context":"https:\/\/schema.org","@graph":[{"@type":"WebPage","@id":"https:\/\/www.vacancescostabrava.cat\/en\/products-and-services\/","url":"https:\/\/www.vacancescostabrava.cat\/en\/products-and-services\/","name":"Products and Services - Vacances Costa Brava","isPartOf":{"@id":"https:\/\/www.vacancescostabrava.cat\/en\/#website"},"primaryImageOfPage":{"@id":"https:\/\/www.vacancescostabrava.cat\/en\/products-and-services\/#primaryimage"},"image":{"@id":"https:\/\/www.vacancescostabrava.cat\/en\/products-and-services\/#primaryimage"},"thumbnailUrl":"https:\/\/www.vacancescostabrava.cat\/wp-content\/uploads\/2021\/01\/RRS-SS-Vacances-Costa-brava.jpg","datePublished":"2022-04-11T16:25:31+00:00","description":"Apartments, houses and villas for rent and for sale on the Costa Brava. Book with Vacances Costa Brava. Discover our products and services.","breadcrumb":{"@id":"https:\/\/www.vacancescostabrava.cat\/en\/products-and-services\/#breadcrumb"},"inLanguage":"en-US","potentialAction":[{"@type":"ReadAction","target":["https:\/\/www.vacancescostabrava.cat\/en\/products-and-services\/"]}]},{"@type":"BreadcrumbList","@id":"https:\/\/www.vacancescostabrava.cat\/en\/products-and-services\/#breadcrumb","itemListElement":[{"@type":"ListItem","position":1,"name":"Inicio","item":"https:\/\/www.vacancescostabrava.cat\/en\/"},{"@type":"ListItem","position":2,"name":"Products and Services"}]},{"@type":"WebSite","@id":"https:\/\/www.vacancescostabrava.cat\/en\/#website","url":"https:\/\/www.vacancescostabrava.cat\/en\/","name":"Vacances Costa Brava","description":"Alquiler de Apartamentos y Casas y Villas para vacaciones en La Costa Brava. Grup Mart\u00ed, con m\u00e1s de 50 a\u00f1os de experiencia.","publisher":{"@id":"https:\/\/www.vacancescostabrava.cat\/en\/#organization"},"potentialAction":[{"@type":"SearchAction","target":{"@type":"EntryPoint","urlTemplate":"https:\/\/www.vacancescostabrava.cat\/rental-list-results\/?search_text={search_term_string}"},"query-input":{"@type":"PropertyValueSpecification","valueRequired":true,"valueName":"search_term_string"}}],"inLanguage":"en-US"},{"@type":"Organization","@id":"https:\/\/www.vacancescostabrava.cat\/en\/#organization","name":"Vacances Costa Brava","url":"https:\/\/www.vacancescostabrava.cat\/en\/","logo":{"@type":"ImageObject","inLanguage":"en-US","@id":"https:\/\/www.vacancescostabrava.cat\/en\/#\/schema\/logo\/image\/","url":"https:\/\/www.vacancescostabrava.cat\/wp-content\/uploads\/2021\/01\/cropped-logo-prov.png","contentUrl":"https:\/\/www.vacancescostabrava.cat\/wp-content\/uploads\/2021\/01\/cropped-logo-prov.png","width":1590,"height":327,"caption":"Vacances Costa Brava"},"image":{"@id":"https:\/\/www.vacancescostabrava.cat\/en\/#\/schema\/logo\/image\/"}}]}},"_links":{"self":[{"href":"https:\/\/www.vacancescostabrava.cat\/en\/wp-json\/wp\/v2\/pages\/2334","targetHints":{"allow":["GET"]}}],"collection":[{"href":"https:\/\/www.vacancescostabrava.cat\/en\/wp-json\/wp\/v2\/pages"}],"about":[{"href":"https:\/\/www.vacancescostabrava.cat\/en\/wp-json\/wp\/v2\/types\/page"}],"author":[{"embeddable":true,"href":"https:\/\/www.vacancescostabrava.cat\/en\/wp-json\/wp\/v2\/users\/1"}],"replies":[{"embeddable":true,"href":"https:\/\/www.vacancescostabrava.cat\/en\/wp-json\/wp\/v2\/comments?post=2334"}],"version-history":[{"count":0,"href":"https:\/\/www.vacancescostabrava.cat\/en\/wp-json\/wp\/v2\/pages\/2334\/revisions"}],"wp:featuredmedia":[{"embeddable":true,"href":"https:\/\/www.vacancescostabrava.cat\/en\/wp-json\/wp\/v2\/media\/1097"}],"wp:attachment":[{"href":"https:\/\/www.vacancescostabrava.cat\/en\/wp-json\/wp\/v2\/media?parent=2334"}],"curies":[{"name":"wp","href":"https:\/\/api.w.org\/{rel}","templated":true}]}}