{"id":449,"date":"2020-06-03T14:13:00","date_gmt":"2020-06-03T14:13:00","guid":{"rendered":"http:\/\/design.net2rent.com\/vacances\/experience-in-detail\/"},"modified":"2021-01-11T09:38:24","modified_gmt":"2021-01-11T09:38:24","slug":"experience-in-detail","status":"publish","type":"page","link":"https:\/\/www.vacancescostabrava.cat\/en\/experience-in-detail\/","title":{"rendered":"Details of the experience"},"content":{"rendered":"\t\t<div data-elementor-type=\"wp-page\" data-elementor-id=\"449\" class=\"elementor elementor-449 elementor-137\" data-elementor-post-type=\"page\">\n\t\t\t\t\t\t<section class=\"elementor-section elementor-top-section elementor-element elementor-element-f61692a elementor-section-boxed elementor-section-height-default elementor-section-height-default\" data-id=\"f61692a\" data-element_type=\"section\" data-e-type=\"section\">\n\t\t\t\t\t\t<div class=\"elementor-container elementor-column-gap-default\">\n\t\t\t\t\t<div class=\"elementor-column elementor-col-100 elementor-top-column elementor-element elementor-element-855f41a\" data-id=\"855f41a\" data-element_type=\"column\" data-e-type=\"column\">\n\t\t\t<div class=\"elementor-widget-wrap elementor-element-populated\">\n\t\t\t\t\t\t<div class=\"elementor-element elementor-element-e411c9a elementor-widget elementor-widget-shortcode\" data-id=\"e411c9a\" data-element_type=\"widget\" data-e-type=\"widget\" data-widget_type=\"shortcode.default\">\n\t\t\t\t<div class=\"elementor-widget-container\">\n\t\t\t\t\t\t\t<div class=\"elementor-shortcode\"><\/div>\n\t\t\t\t\t\t<\/div>\n\t\t\t\t<\/div>\n\t\t\t\t\t<\/div>\n\t\t<\/div>\n\t\t\t\t\t<\/div>\n\t\t<\/section>\n\t\t\t\t<\/div>\n\t\t","protected":false},"excerpt":{"rendered":"","protected":false},"author":1,"featured_media":0,"parent":0,"menu_order":0,"comment_status":"closed","ping_status":"closed","template":"","meta":{"_joinchat":[],"footnotes":""},"class_list":["post-449","page","type-page","status-publish","hentry"],"yoast_head":"<!-- This site is optimized with the Yoast SEO plugin v27.5 - https:\/\/yoast.com\/product\/yoast-seo-wordpress\/ -->\n<title>Details of the experience - Vacances Costa Brava<\/title>\n<meta name=\"description\" content=\"Apartamentos, casas y villas para alquilar y vender en La Costa Brava. Reserva con Vacances Costa Brava y disfruta de unas vacaciones inolvidables.\" \/>\n<meta name=\"robots\" content=\"index, follow, max-snippet:-1, max-image-preview:large, max-video-preview:-1\" \/>\n<link rel=\"canonical\" href=\"https:\/\/www.vacancescostabrava.cat\/en\/experience-in-detail\/\" \/>\n<meta property=\"og:locale\" content=\"en_US\" \/>\n<meta property=\"og:type\" content=\"article\" \/>\n<meta property=\"og:title\" content=\"Details of the experience - Vacances Costa Brava\" \/>\n<meta property=\"og:description\" content=\"Apartamentos, casas y villas para alquilar y vender en La Costa Brava. Reserva con Vacances Costa Brava y disfruta de unas vacaciones inolvidables.\" \/>\n<meta property=\"og:url\" content=\"https:\/\/www.vacancescostabrava.cat\/en\/experience-in-detail\/\" \/>\n<meta property=\"og:site_name\" content=\"Vacances Costa Brava\" \/>\n<meta property=\"article:modified_time\" content=\"2021-01-11T09:38:24+00:00\" \/>\n<meta name=\"twitter:card\" content=\"summary_large_image\" \/>\n<script type=\"application\/ld+json\" class=\"yoast-schema-graph\">{\"@context\":\"https:\\\/\\\/schema.org\",\"@graph\":[{\"@type\":\"WebPage\",\"@id\":\"https:\\\/\\\/www.vacancescostabrava.cat\\\/en\\\/experience-in-detail\\\/\",\"url\":\"https:\\\/\\\/www.vacancescostabrava.cat\\\/en\\\/experience-in-detail\\\/\",\"name\":\"Details of the experience - Vacances Costa Brava\",\"isPartOf\":{\"@id\":\"https:\\\/\\\/www.vacancescostabrava.cat\\\/en\\\/#website\"},\"datePublished\":\"2020-06-03T14:13:00+00:00\",\"dateModified\":\"2021-01-11T09:38:24+00:00\",\"description\":\"Apartamentos, casas y villas para alquilar y vender en La Costa Brava. Reserva con Vacances Costa Brava y disfruta de unas vacaciones inolvidables.\",\"breadcrumb\":{\"@id\":\"https:\\\/\\\/www.vacancescostabrava.cat\\\/en\\\/experience-in-detail\\\/#breadcrumb\"},\"inLanguage\":\"en-US\",\"potentialAction\":[{\"@type\":\"ReadAction\",\"target\":[\"https:\\\/\\\/www.vacancescostabrava.cat\\\/en\\\/experience-in-detail\\\/\"]}]},{\"@type\":\"BreadcrumbList\",\"@id\":\"https:\\\/\\\/www.vacancescostabrava.cat\\\/en\\\/experience-in-detail\\\/#breadcrumb\",\"itemListElement\":[{\"@type\":\"ListItem\",\"position\":1,\"name\":\"Inicio\",\"item\":\"https:\\\/\\\/www.vacancescostabrava.cat\\\/en\\\/\"},{\"@type\":\"ListItem\",\"position\":2,\"name\":\"Details of the experience\"}]},{\"@type\":\"WebSite\",\"@id\":\"https:\\\/\\\/www.vacancescostabrava.cat\\\/en\\\/#website\",\"url\":\"https:\\\/\\\/www.vacancescostabrava.cat\\\/en\\\/\",\"name\":\"Vacances Costa Brava\",\"description\":\"Alquiler de Apartamentos y Casas y Villas para vacaciones en La Costa Brava. Grup Mart\u00ed, con m\u00e1s de 50 a\u00f1os de experiencia.\",\"publisher\":{\"@id\":\"https:\\\/\\\/www.vacancescostabrava.cat\\\/en\\\/#organization\"},\"potentialAction\":[{\"@type\":\"SearchAction\",\"target\":{\"@type\":\"EntryPoint\",\"urlTemplate\":\"https:\\\/\\\/www.vacancescostabrava.cat\\\/rental-list-results\\\/?search_text={search_term_string}\"},\"query-input\":{\"@type\":\"PropertyValueSpecification\",\"valueRequired\":true,\"valueName\":\"search_term_string\"}}],\"inLanguage\":\"en-US\"},{\"@type\":\"Organization\",\"@id\":\"https:\\\/\\\/www.vacancescostabrava.cat\\\/en\\\/#organization\",\"name\":\"Vacances Costa Brava\",\"url\":\"https:\\\/\\\/www.vacancescostabrava.cat\\\/en\\\/\",\"logo\":{\"@type\":\"ImageObject\",\"inLanguage\":\"en-US\",\"@id\":\"https:\\\/\\\/www.vacancescostabrava.cat\\\/en\\\/#\\\/schema\\\/logo\\\/image\\\/\",\"url\":\"https:\\\/\\\/www.vacancescostabrava.cat\\\/wp-content\\\/uploads\\\/2021\\\/01\\\/cropped-logo-prov.png\",\"contentUrl\":\"https:\\\/\\\/www.vacancescostabrava.cat\\\/wp-content\\\/uploads\\\/2021\\\/01\\\/cropped-logo-prov.png\",\"width\":1590,\"height\":327,\"caption\":\"Vacances Costa Brava\"},\"image\":{\"@id\":\"https:\\\/\\\/www.vacancescostabrava.cat\\\/en\\\/#\\\/schema\\\/logo\\\/image\\\/\"}}]}<\/script>\n<!-- \/ Yoast SEO plugin. -->","yoast_head_json":{"title":"Details of the experience - Vacances Costa Brava","description":"Apartamentos, casas y villas para alquilar y vender en La Costa Brava. Reserva con Vacances Costa Brava y disfruta de unas vacaciones inolvidables.","robots":{"index":"index","follow":"follow","max-snippet":"max-snippet:-1","max-image-preview":"max-image-preview:large","max-video-preview":"max-video-preview:-1"},"canonical":"https:\/\/www.vacancescostabrava.cat\/en\/experience-in-detail\/","og_locale":"en_US","og_type":"article","og_title":"Details of the experience - Vacances Costa Brava","og_description":"Apartamentos, casas y villas para alquilar y vender en La Costa Brava. Reserva con Vacances Costa Brava y disfruta de unas vacaciones inolvidables.","og_url":"https:\/\/www.vacancescostabrava.cat\/en\/experience-in-detail\/","og_site_name":"Vacances Costa Brava","article_modified_time":"2021-01-11T09:38:24+00:00","twitter_card":"summary_large_image","schema":{"@context":"https:\/\/schema.org","@graph":[{"@type":"WebPage","@id":"https:\/\/www.vacancescostabrava.cat\/en\/experience-in-detail\/","url":"https:\/\/www.vacancescostabrava.cat\/en\/experience-in-detail\/","name":"Details of the experience - Vacances Costa Brava","isPartOf":{"@id":"https:\/\/www.vacancescostabrava.cat\/en\/#website"},"datePublished":"2020-06-03T14:13:00+00:00","dateModified":"2021-01-11T09:38:24+00:00","description":"Apartamentos, casas y villas para alquilar y vender en La Costa Brava. Reserva con Vacances Costa Brava y disfruta de unas vacaciones inolvidables.","breadcrumb":{"@id":"https:\/\/www.vacancescostabrava.cat\/en\/experience-in-detail\/#breadcrumb"},"inLanguage":"en-US","potentialAction":[{"@type":"ReadAction","target":["https:\/\/www.vacancescostabrava.cat\/en\/experience-in-detail\/"]}]},{"@type":"BreadcrumbList","@id":"https:\/\/www.vacancescostabrava.cat\/en\/experience-in-detail\/#breadcrumb","itemListElement":[{"@type":"ListItem","position":1,"name":"Inicio","item":"https:\/\/www.vacancescostabrava.cat\/en\/"},{"@type":"ListItem","position":2,"name":"Details of the experience"}]},{"@type":"WebSite","@id":"https:\/\/www.vacancescostabrava.cat\/en\/#website","url":"https:\/\/www.vacancescostabrava.cat\/en\/","name":"Vacances Costa Brava","description":"Alquiler de Apartamentos y Casas y Villas para vacaciones en La Costa Brava. Grup Mart\u00ed, con m\u00e1s de 50 a\u00f1os de experiencia.","publisher":{"@id":"https:\/\/www.vacancescostabrava.cat\/en\/#organization"},"potentialAction":[{"@type":"SearchAction","target":{"@type":"EntryPoint","urlTemplate":"https:\/\/www.vacancescostabrava.cat\/rental-list-results\/?search_text={search_term_string}"},"query-input":{"@type":"PropertyValueSpecification","valueRequired":true,"valueName":"search_term_string"}}],"inLanguage":"en-US"},{"@type":"Organization","@id":"https:\/\/www.vacancescostabrava.cat\/en\/#organization","name":"Vacances Costa Brava","url":"https:\/\/www.vacancescostabrava.cat\/en\/","logo":{"@type":"ImageObject","inLanguage":"en-US","@id":"https:\/\/www.vacancescostabrava.cat\/en\/#\/schema\/logo\/image\/","url":"https:\/\/www.vacancescostabrava.cat\/wp-content\/uploads\/2021\/01\/cropped-logo-prov.png","contentUrl":"https:\/\/www.vacancescostabrava.cat\/wp-content\/uploads\/2021\/01\/cropped-logo-prov.png","width":1590,"height":327,"caption":"Vacances Costa Brava"},"image":{"@id":"https:\/\/www.vacancescostabrava.cat\/en\/#\/schema\/logo\/image\/"}}]}},"_links":{"self":[{"href":"https:\/\/www.vacancescostabrava.cat\/en\/wp-json\/wp\/v2\/pages\/449","targetHints":{"allow":["GET"]}}],"collection":[{"href":"https:\/\/www.vacancescostabrava.cat\/en\/wp-json\/wp\/v2\/pages"}],"about":[{"href":"https:\/\/www.vacancescostabrava.cat\/en\/wp-json\/wp\/v2\/types\/page"}],"author":[{"embeddable":true,"href":"https:\/\/www.vacancescostabrava.cat\/en\/wp-json\/wp\/v2\/users\/1"}],"replies":[{"embeddable":true,"href":"https:\/\/www.vacancescostabrava.cat\/en\/wp-json\/wp\/v2\/comments?post=449"}],"version-history":[{"count":0,"href":"https:\/\/www.vacancescostabrava.cat\/en\/wp-json\/wp\/v2\/pages\/449\/revisions"}],"wp:attachment":[{"href":"https:\/\/www.vacancescostabrava.cat\/en\/wp-json\/wp\/v2\/media?parent=449"}],"curies":[{"name":"wp","href":"https:\/\/api.w.org\/{rel}","templated":true}]}}