{"id":1514,"date":"2021-01-08T16:05:38","date_gmt":"2021-01-08T16:05:38","guid":{"rendered":"https:\/\/design.net2rent.com\/vacances\/conditions-de-location\/"},"modified":"2021-02-26T11:53:34","modified_gmt":"2021-02-26T11:53:34","slug":"conditions-de-location","status":"publish","type":"page","link":"https:\/\/www.vacancescostabrava.cat\/fr\/conditions-de-location\/","title":{"rendered":"Conditions de location"},"content":{"rendered":"\t\t<div data-elementor-type=\"wp-page\" data-elementor-id=\"1514\" class=\"elementor elementor-1514 elementor-1501\" data-elementor-post-type=\"page\">\n\t\t\t\t\t\t<section class=\"elementor-section elementor-top-section elementor-element elementor-element-ff81d68 elementor-section-boxed elementor-section-height-default elementor-section-height-default\" data-id=\"ff81d68\" data-element_type=\"section\" data-e-type=\"section\">\n\t\t\t\t\t\t<div class=\"elementor-container elementor-column-gap-default\">\n\t\t\t\t\t<div class=\"elementor-column elementor-col-100 elementor-top-column elementor-element elementor-element-e1b0ad7\" data-id=\"e1b0ad7\" data-element_type=\"column\" data-e-type=\"column\">\n\t\t\t<div class=\"elementor-widget-wrap elementor-element-populated\">\n\t\t\t\t\t\t<div class=\"elementor-element elementor-element-18d0e90 condiciones elementor-widget elementor-widget-shortcode\" data-id=\"18d0e90\" data-element_type=\"widget\" data-e-type=\"widget\" data-widget_type=\"shortcode.default\">\n\t\t\t\t<div class=\"elementor-widget-container\">\n\t\t\t\t\t\t\t<div class=\"elementor-shortcode\"><h4>Conditions de location<\/h4><div><div style=\"text-align: justify;\">\r\n<p style=\"text-align: left;\"><span style=\"font-family: helvetica, arial, sans-serif; font-size: 14px;\"><strong>1\/ Modalit\u00e9s de paiement<br><\/strong>\u00a0- La somme \u00e0 payer pour confirmer votre r\u00e9servation est de 40% du montant de la location, par virement ou paiement par carte bancaire, dans un d\u00e9lai maximum de 3 jours de la date de ce contrat (*). Si la r\u00e9servation est \u00e9ffectu\u00e9e \u00e0 moins de 30 jours de la date d'arriv\u00e9e, l'accompte demand\u00e9 sera de 70% du montant de la location.<\/span><br><span style=\"font-size: 14px; font-family: helvetica, arial, sans-serif;\">\u00a0- Un deuxi\u00e8me paiement de 30% du montant de la location devra \u00eatre effectu\u00e9 minimum 30 jours avant votre arriv\u00e9e, paiement par virement ou par carte bancaire (*).<\/span><br><span style=\"font-size: 14px; font-family: helvetica, arial, sans-serif;\">\u00a0- Le solde de la location, les taxes des s\u00e9jour (par virement ou esp\u00e8ces uniquement), et les accessoires demand\u00e9s si il y en a, devrons \u00eatre r\u00e9gl\u00e9s avant le check in.\u00a0<\/span><br><span style=\"font-size: 14px; font-family: helvetica, arial, sans-serif;\">* Si les dates des paiements ne sont pas respect\u00e9es, la r\u00e9servation sera anul\u00e9e et les sommes vers\u00e9es perdues.<\/span><\/p>\r\n<div><span style=\"font-family: helvetica, arial, sans-serif; font-size: 14px;\"><strong><br>2\/ Annulation de la r\u00e9servation<br><\/strong>En cas d\u2019annulation de la r\u00e9servation par le locataire, celui-ci devra notifier par \u00e9crit, via mail \u00e0\u00a0<a href=\"mailto:info@vacancescostabrava.cat\">info@vacancescostabrava.cat<\/a>, la demande d'annulation. VACANCES COSTA BRAVA remboursera, selon la date de notification par mail:<\/span><br><span style=\"font-size: 14px; font-family: helvetica, arial, sans-serif;\">\u00a0- Si annulation 60 jours avant la date d'arriv\u00e9e, 70% du montant vers\u00e9 avec un minimum de 100\u20ac de frais de dossier.<\/span><br><span style=\"font-size: 14px; font-family: helvetica, arial, sans-serif;\">\u00a0- Si annulation\u00a0entre 60 et 30 jours avant la date d'arriv\u00e9e, 50% du montant vers\u00e9 moins 100\u20ac de frais de dossier.<\/span><br><span style=\"font-size: 14px; font-family: helvetica, arial, sans-serif;\">\u00a0- Si annulation \u00e0 moins de 30 jours, r\u00e9servation non remboursable.\u00a0<br><\/span><\/div>\r\n<div style=\"text-align: justify;\"><span style=\"font-size: 14px; font-family: helvetica, arial, sans-serif;\">Si le locataire souhaite \u00e9courter la p\u00e9riode r\u00e9serv\u00e9e avant la date de finalisation de contrat, il ne pourra pas n\u00e9gocier le prix ni en exiger le remboursement.<\/span><\/div>\r\n<div style=\"text-align: justify;\"><span style=\"font-size: 14px; font-family: helvetica, arial, sans-serif;\">\u00a0 \u00a0 \u00a0\u2139\ufe0f\u00a0 \u00a0 Nous vous informons que vous avez la possibilit\u00e9 de prendre une assurance annulation (voir conditions et tarifs au lien ci-dessous) que vous pouvez souscrire, dans les 7 jours suivant la r\u00e9servation, en cliquant sur ce lien:\u00a0 \u00a0<a href=\"https:\/\/vacancescostabrava1.attis-insurance.com\/fr\">https:\/\/vacancescostabrava1.attis-insurance.com\/fr<\/a><\/span><\/div>\r\n<div style=\"text-align: justify;\"><span style=\"font-size: 14px; font-family: helvetica, arial, sans-serif;\"><strong><br>3\/ Horaires d\u2019arriv\u00e9e et sortie.<br><\/strong>L\u2019heure d\u2019arriv\u00e9e est fix\u00e9e entre 16h00 et 18h00. Si ces horaires ne sont pas respect\u00e9s vous devrez contacter VACANCES COSTA BRAVA pour fixer un autre jour ou heure de rendez-vous (toujours avec pr\u00e9avis et selon disponibilit\u00e9 de l\u2019agence), avec un suppl\u00e9ment \u00e0 r\u00e9gler de 50\u20ac.\u00a0<\/span><br><span style=\"font-size: 14px; font-family: helvetica, arial, sans-serif;\">L'heure de d\u00e9part est avant 10h en fixant un rendez-vous avec VACANCES COSTA BRAVA selon disponibilit\u00e9 de l'agence. L'heure de d\u00e9part devra \u00eatre STRICTEMENT respect\u00e9e, sans exception et sous contrainte d'une penalit\u00e9.<\/span><\/div>\r\n<div style=\"text-align: justify;\"><span style=\"font-size: 14px; font-family: helvetica, arial, sans-serif;\"><strong><br>4\/ IMPORTANT: Obligations du client<br><\/strong>L\u2019<strong>OCCUPATION <\/strong>du logement sera limit\u00e9e au nombre de personnes indiqu\u00e9 sur le contrat, enfants et b\u00e9b\u00e9s compris. VACANCES COSTA BRAVA pourra interdire l'acc\u00e8s \u00e0 la location si le nombre de personnes d\u00e9passe le nombre indiqu\u00e9 dans le contrat ou proc\u00e9der au d\u00e9logement si le nombre maximum est d\u00e9pass\u00e9 pendant la p\u00e9riode de location, sans remboursement possible. La location est lou\u00e9 uniquement pour un usage personnel et non commercial.<\/span><\/div>\r\n<div style=\"text-align: justify;\"><span style=\"font-size: 14px; font-family: helvetica, arial, sans-serif;\"><strong>M\u00c9NAGE: <\/strong>Le locataire devra laisser la location dans les m\u00eames conditions qu\u2019il la trouvera lors de son arriv\u00e9e. Il devra laisser la location en ordre et pr\u00e9sentable, qu'il prenne ou non l\u2019option m\u00e9nage. La vaisselle doit \u00eatre propre et mise \u00e0 sa place, le frigo sans restes d\u2019aliments et les poubelles vid\u00e9es. La partie ext\u00e9rieure jardin ou terrasse comme le barbecue, doivent \u00eatre laiss\u00e9s dans les m\u00eames conditions qu\u2019\u00e0 l\u2019arriv\u00e9e. Si le locataire ne laisse pas la location dans l\u2019\u00e9tat d\u00e9crit, VACANCES COSTA BRAVA se r\u00e9serve le droit de d\u00e9compter de la caution les frais pour la remise en \u00e9tat.<\/span><\/div>\r\n<div style=\"text-align: justify;\"><span style=\"font-size: 14px; font-family: helvetica, arial, sans-serif;\"><strong>COPROPRI\u00c9T\u00c9:<\/strong> Le locataire doit respecter les normes de copropri\u00e9t\u00e9 qu'il trouvera dans chaque logement. En cas de n\u00e9gligence ou de mauvais comportement VACANCES COSTA BRAVA se r\u00e9serve le droit d\u2019annuler le contrat de location avec effet imm\u00e9diat et sans pr\u00e9avis.<\/span><\/div>\r\n<div style=\"text-align: justify;\"><span style=\"font-size: 14px; font-family: helvetica, arial, sans-serif;\">Dans tous les cas cit\u00e9s avant, VACANCES COSTA BRAVA ne reversera pas le montant de la location pay\u00e9e par le client.<strong><br>ACC\u00c8S :<\/strong> Il est de l'obligation du locataire de laisser le personnel de VACANCES COSTA BRAVA entrer dans la propri\u00e9t\u00e9 au cas o\u00f9 des r\u00e9visions, r\u00e9parations doivent \u00eatre effectu\u00e9es ou s'il y a un jardin pour pouvoir faire l'entretien correct.<br><strong>MAISONS AVEC PISCINE<\/strong> : Le personnel de VACANCES COSTA BRAVA doit \u00eatre autoris\u00e9 \u00e0 entrer, plusieurs fois par semaine, pour l'entretien de la piscine. La piscine doit \u00eatre libre de matelas gonflables pour que les skimmers fonctionnent correctement. Les chiens ou les animaux de compagnie ne sont pas autoris\u00e9s \u00e0 se baigner dans la piscine.\u00a0<br><strong>Si le locataire ne laisse pas entrer le personnel d'entretien ou ne respecte pas les obligations cit\u00e9es ci-dessus, notamment l'interdiction de baignade pour les animaux, la caution ne sera PAS rembours\u00e9e.<\/strong><\/span><\/div>\r\n<div style=\"text-align: justify;\"><span style=\"font-size: 14px; font-family: helvetica, arial, sans-serif;\"><strong><br>5\/ Caution<br><\/strong>Le montant de la caution pourra varier selon le logement lou\u00e9 et devra \u00eatre laiss\u00e9 en esp\u00e8ces, par virement ou par carte bleu (via empreinte) le jour de l\u2019arriv\u00e9e.\u00a0 Ce montant se rendra dans un d\u00e9lai maximum de 3 jours apr\u00e8s le d\u00e9part.<\/span><\/div>\r\n<div style=\"text-align: justify;\"><span style=\"font-size: 14px; font-family: helvetica, arial, sans-serif;\">Si la location a \u00e9t\u00e9 endommag\u00e9e, VACANCES COSTA BRAVA se r\u00e9serve le droit de retenir le montant pertinent pour couvrir les dommages occasionn\u00e9s. S'ils sont sup\u00e9rieurs au montant de la caution VACANCES COSTA BRAVA r\u00e9clamera au locataire la diff\u00e9rence pour couvrir le montant total des dommages, et en cas de ne pas recevoir cette quantit\u00e9, prendra les actions l\u00e9gales pertinentes.<\/span><\/div>\r\n<div style=\"text-align: justify;\"><span style=\"font-family: helvetica, arial, sans-serif; font-size: 14px;\"><strong><br>6\/ Inventaire du mobilier<br><\/strong>Il est conseill\u00e9 de v\u00e9rifier que tout est en ordre. Toutes les r\u00e9clamations doivent \u00eatre faites dans les 24h apr\u00e8s votre arriv\u00e9e. Nous n\u2019accepterons pas les r\u00e9clamations \u00e0 la fin de votre s\u00e9jour. Les biens lou\u00e9s disposent d'ustensiles de cuisine n\u00e9cessaires pour le nombre de personnes indiqu\u00e9 dans chaque location. Si au moment de l\u2019arriv\u00e9e il manque quelque chose il faudra le communiquer \u00e0 l\u2019agence le jour m\u00eame . Si pendant votre s\u00e9jour il y a quelque chose qui casse il faudra le communiquer \u00e0 VACANCES COSTA BRAVA et remettre l\u2019objet des m\u00eames caract\u00e9ristiques, ou en payer sa valeur. VACANCES COSTA BRAVA se r\u00e9serve le droit de retenir le montant de\/s objet\/s cass\u00e9\/s ou d\u00e9t\u00e9rior\u00e9\/s de la caution.<\/span><\/div>\r\n<div style=\"text-align: justify;\"><span style=\"font-size: 14px; font-family: helvetica, arial, sans-serif;\"><strong><br>7\/ Frais inclus dans le prix de la location<br><\/strong>Les frais de dossier, consommations d\u2019eau et gaz sont inclus dans le prix de la location \u00e0 l'exception des logements qui par leurs caract\u00e9ristiques ou la dur\u00e9e de la location puissent avoir une consommation d\u00e9mesur\u00e9e. Dans le cas o\u00f9 le prix n\u2019inclut pas la consommation d\u2019eau et gaz, VACANCES COSTA BRAVA informera des conditions de location avant de faire la r\u00e9servation.<br>La consommation d'\u00e9lectricit\u00e9 est comprise jusque 150 Kw la semaine pour les appartements et 200 Kw la semaine pour les maisons. Ces consommations sont calcul\u00e9es selon un usage normal pour chaque type de logement. Si la consommation exc\u00e8de les montants compris, les Kw consomm\u00e9s en plus seront factur\u00e9s \u00e0 0,35\u20ac\/Kw + TVA.<br>Toutefois il faut utiliser l\u2019eau, le gaz et l\u2019\u00e9lectricit\u00e9 avec responsabilit\u00e9 et mesure pour le bien de l\u2019environnement, surtout les climatisations. Les frais de copropri\u00e9t\u00e9, imp\u00f4ts, ordures m\u00e9nag\u00e8res, etc., sont aussi inclus dans le prix de location.<\/span><\/div>\r\n<div style=\"text-align: justify;\"><span style=\"font-size: 14px; font-family: helvetica, arial, sans-serif;\"><strong><br>8\/ Frais non inclus dans le prix de la location<br><\/strong>\u00a0- Taxes de s\u00e9jour: selon l'article 17.1 de la Loi 19\/2014 de la Generalitat de Catalunya, le jour de votre arriv\u00e9e cette taxe sera apliqu\u00e9e en fonction du tarif aprouv\u00e9 par le gouvernement.<\/span><br><span style=\"font-size: 14px; font-family: helvetica, arial, sans-serif;\">\u00a0- Nettoyage final: si vous souhaitez prendre cette option, le tarif vous sera indiqu\u00e9 au moment de faire la r\u00e9servation. Si vous ne prenez pas l\u2019option il faudra laisser le logement propre, ordonn\u00e9 et dans le m\u00eame \u00e9tat que vous l\u2019aviez trouv\u00e9 lors de votre arriv\u00e9e (les produits d'entretien ne sont pas fournis). VACANCES COSTA BRAVA se r\u00e9serve le droit de retenir la caution pour couvrir des frais de m\u00e9nage si la location n\u2019est pas dans ces conditions au moment du checkout.<\/span><br><span style=\"font-size: 14px; font-family: helvetica, arial, sans-serif;\">\u00a0- Linge de maison: les draps ou les serviettes ne sont pas inclus dans le prix de la location. VACANCES COSTA BRAVA met \u00e0 disposition de leurs clients un service de location de linge de maison. Il faudra communiquer \u00e0 l\u2019avance l\u2019int\u00e9r\u00eat pour ce service, sinon VACANCES COSTA BRAVA ne pourra pas garantir la disponibilit\u00e9 de son fournisseur.<\/span><br><span style=\"font-size: 14px; font-family: helvetica, arial, sans-serif;\">\u00a0- Suppl\u00e9ment animaux: dans les locations o\u00f9 les animaux sont accept\u00e9s, v\u00e9rifiez le montant \u00e0 r\u00e9gler.<\/span><br><span style=\"font-size: 14px; font-family: helvetica, arial, sans-serif;\">\u00a0- Autres accessoires: vous trouverez les diff\u00e9rents accessoires propos\u00e9s par l'agence, au moment de faire la r\u00e9s\u00e9rvation via notre site.<br><br><br><\/span><\/div>\r\n<\/div>\r\n<div style=\"text-align: justify;\">\u00a0<\/div>\r\n<div style=\"text-align: justify;\">\u00a0<\/div><\/div><h4>Politique de confidencialit\u00e9<\/h4><div><p><span style=\"font-family: helvetica, arial, sans-serif; font-size: 14px;\">Toutes les communications avec vacancescostabrava.fr\/cat par tout moyen ou par l'interm\u00e9diaire de son adresse e-mail ou les formulaires de ce site ou votre e-mail implique le consentement que leurs donn\u00e9es personnelles seront stock\u00e9es dans des fichiers de VCB L'ESCALA SL situ\u00e9 \u00e0 Avda. Montg\u00f3 14, 17130 L'Escala, Espagne. Ces donn\u00e9es seront trait\u00e9es conform\u00e9ment \u00e0 la loi 15\/1999 du 13 D\u00e9cembre sur la protection des donn\u00e9es personnelles.<\/span><\/p>\r\n<p><span style=\"font-family: helvetica, arial, sans-serif; font-size: 14px;\">Par cons\u00e9quent, les parties int\u00e9ress\u00e9es peuvent exercer leurs droits d'acc\u00e8s, de rectification, annulation et opposition concernant les donn\u00e9es personnelles contenues dans les fichiers, et peuvent r\u00e9voquer leur consentement par \u00e9crit \u00e0 tout moment en \u00e9crivant \u00e0: Vacances Costa Brava - VCB L'ESCALA SL, Av Montg\u00f3, 14, 17130 L\u2019Escala, Espagne ou par e-mail: <a href=\"mailto:info@vacancescostabrava.fr\">info@vacancescostabrava.cat<\/a><\/span><\/p>\r\n<p>\u00a0<\/p><\/div><\/div>\n\t\t\t\t\t\t<\/div>\n\t\t\t\t<\/div>\n\t\t\t\t\t<\/div>\n\t\t<\/div>\n\t\t\t\t\t<\/div>\n\t\t<\/section>\n\t\t\t\t<\/div>\n\t\t","protected":false},"excerpt":{"rendered":"","protected":false},"author":1,"featured_media":1098,"parent":0,"menu_order":0,"comment_status":"closed","ping_status":"closed","template":"","meta":{"_joinchat":[],"footnotes":""},"class_list":["post-1514","page","type-page","status-publish","has-post-thumbnail","hentry"],"yoast_head":"<!-- This site is optimized with the Yoast SEO plugin v27.5 - https:\/\/yoast.com\/product\/yoast-seo-wordpress\/ -->\n<title>Conditions de location - Vacances Costa Brava<\/title>\n<meta name=\"description\" content=\"Apartamentos, casas y villas para alquilar y vender en La Costa Brava. Reserva con Vacances Costa Brava y disfruta de unas vacaciones inolvidables.\" \/>\n<meta name=\"robots\" content=\"index, follow, max-snippet:-1, max-image-preview:large, max-video-preview:-1\" \/>\n<link rel=\"canonical\" href=\"https:\/\/www.vacancescostabrava.cat\/fr\/conditions-de-location\/\" \/>\n<meta property=\"og:locale\" content=\"fr_FR\" \/>\n<meta property=\"og:type\" content=\"article\" \/>\n<meta property=\"og:title\" content=\"Conditions de location - Vacances Costa Brava\" \/>\n<meta property=\"og:description\" content=\"Apartamentos, casas y villas para alquilar y vender en La Costa Brava. Reserva con Vacances Costa Brava y disfruta de unas vacaciones inolvidables.\" \/>\n<meta property=\"og:url\" content=\"https:\/\/www.vacancescostabrava.cat\/fr\/conditions-de-location\/\" \/>\n<meta property=\"og:site_name\" content=\"Vacances Costa Brava\" \/>\n<meta property=\"article:modified_time\" content=\"2021-02-26T11:53:34+00:00\" \/>\n<meta property=\"og:image\" content=\"https:\/\/www.vacancescostabrava.cat\/wp-content\/uploads\/2021\/01\/RRS-SS-Vacances-Costa-brava.jpg\" \/>\n\t<meta property=\"og:image:width\" content=\"1280\" \/>\n\t<meta property=\"og:image:height\" content=\"720\" \/>\n\t<meta property=\"og:image:type\" content=\"image\/jpeg\" \/>\n<meta name=\"twitter:card\" content=\"summary_large_image\" \/>\n<script type=\"application\/ld+json\" class=\"yoast-schema-graph\">{\"@context\":\"https:\\\/\\\/schema.org\",\"@graph\":[{\"@type\":\"WebPage\",\"@id\":\"https:\\\/\\\/www.vacancescostabrava.cat\\\/fr\\\/conditions-de-location\\\/\",\"url\":\"https:\\\/\\\/www.vacancescostabrava.cat\\\/fr\\\/conditions-de-location\\\/\",\"name\":\"Conditions de location - Vacances Costa Brava\",\"isPartOf\":{\"@id\":\"https:\\\/\\\/www.vacancescostabrava.cat\\\/fr\\\/#website\"},\"primaryImageOfPage\":{\"@id\":\"https:\\\/\\\/www.vacancescostabrava.cat\\\/fr\\\/conditions-de-location\\\/#primaryimage\"},\"image\":{\"@id\":\"https:\\\/\\\/www.vacancescostabrava.cat\\\/fr\\\/conditions-de-location\\\/#primaryimage\"},\"thumbnailUrl\":\"https:\\\/\\\/www.vacancescostabrava.cat\\\/wp-content\\\/uploads\\\/2021\\\/01\\\/RRS-SS-Vacances-Costa-brava.jpg\",\"datePublished\":\"2021-01-08T16:05:38+00:00\",\"dateModified\":\"2021-02-26T11:53:34+00:00\",\"description\":\"Apartamentos, casas y villas para alquilar y vender en La Costa Brava. Reserva con Vacances Costa Brava y disfruta de unas vacaciones inolvidables.\",\"breadcrumb\":{\"@id\":\"https:\\\/\\\/www.vacancescostabrava.cat\\\/fr\\\/conditions-de-location\\\/#breadcrumb\"},\"inLanguage\":\"fr-FR\",\"potentialAction\":[{\"@type\":\"ReadAction\",\"target\":[\"https:\\\/\\\/www.vacancescostabrava.cat\\\/fr\\\/conditions-de-location\\\/\"]}]},{\"@type\":\"BreadcrumbList\",\"@id\":\"https:\\\/\\\/www.vacancescostabrava.cat\\\/fr\\\/conditions-de-location\\\/#breadcrumb\",\"itemListElement\":[{\"@type\":\"ListItem\",\"position\":1,\"name\":\"Inicio\",\"item\":\"https:\\\/\\\/www.vacancescostabrava.cat\\\/fr\\\/\"},{\"@type\":\"ListItem\",\"position\":2,\"name\":\"Conditions de location\"}]},{\"@type\":\"WebSite\",\"@id\":\"https:\\\/\\\/www.vacancescostabrava.cat\\\/fr\\\/#website\",\"url\":\"https:\\\/\\\/www.vacancescostabrava.cat\\\/fr\\\/\",\"name\":\"Vacances Costa Brava\",\"description\":\"Alquiler de Apartamentos y Casas y Villas para vacaciones en La Costa Brava. Grup Mart\u00ed, con m\u00e1s de 50 a\u00f1os de experiencia.\",\"publisher\":{\"@id\":\"https:\\\/\\\/www.vacancescostabrava.cat\\\/fr\\\/#organization\"},\"potentialAction\":[{\"@type\":\"SearchAction\",\"target\":{\"@type\":\"EntryPoint\",\"urlTemplate\":\"https:\\\/\\\/www.vacancescostabrava.cat\\\/rental-list-results\\\/?search_text={search_term_string}\"},\"query-input\":{\"@type\":\"PropertyValueSpecification\",\"valueRequired\":true,\"valueName\":\"search_term_string\"}}],\"inLanguage\":\"fr-FR\"},{\"@type\":\"Organization\",\"@id\":\"https:\\\/\\\/www.vacancescostabrava.cat\\\/fr\\\/#organization\",\"name\":\"Vacances Costa Brava\",\"url\":\"https:\\\/\\\/www.vacancescostabrava.cat\\\/fr\\\/\",\"logo\":{\"@type\":\"ImageObject\",\"inLanguage\":\"fr-FR\",\"@id\":\"https:\\\/\\\/www.vacancescostabrava.cat\\\/fr\\\/#\\\/schema\\\/logo\\\/image\\\/\",\"url\":\"https:\\\/\\\/www.vacancescostabrava.cat\\\/wp-content\\\/uploads\\\/2021\\\/01\\\/cropped-logo-prov.png\",\"contentUrl\":\"https:\\\/\\\/www.vacancescostabrava.cat\\\/wp-content\\\/uploads\\\/2021\\\/01\\\/cropped-logo-prov.png\",\"width\":1590,\"height\":327,\"caption\":\"Vacances Costa Brava\"},\"image\":{\"@id\":\"https:\\\/\\\/www.vacancescostabrava.cat\\\/fr\\\/#\\\/schema\\\/logo\\\/image\\\/\"}}]}<\/script>\n<!-- \/ Yoast SEO plugin. -->","yoast_head_json":{"title":"Conditions de location - Vacances Costa Brava","description":"Apartamentos, casas y villas para alquilar y vender en La Costa Brava. Reserva con Vacances Costa Brava y disfruta de unas vacaciones inolvidables.","robots":{"index":"index","follow":"follow","max-snippet":"max-snippet:-1","max-image-preview":"max-image-preview:large","max-video-preview":"max-video-preview:-1"},"canonical":"https:\/\/www.vacancescostabrava.cat\/fr\/conditions-de-location\/","og_locale":"fr_FR","og_type":"article","og_title":"Conditions de location - Vacances Costa Brava","og_description":"Apartamentos, casas y villas para alquilar y vender en La Costa Brava. Reserva con Vacances Costa Brava y disfruta de unas vacaciones inolvidables.","og_url":"https:\/\/www.vacancescostabrava.cat\/fr\/conditions-de-location\/","og_site_name":"Vacances Costa Brava","article_modified_time":"2021-02-26T11:53:34+00:00","og_image":[{"width":1280,"height":720,"url":"https:\/\/www.vacancescostabrava.cat\/wp-content\/uploads\/2021\/01\/RRS-SS-Vacances-Costa-brava.jpg","type":"image\/jpeg"}],"twitter_card":"summary_large_image","schema":{"@context":"https:\/\/schema.org","@graph":[{"@type":"WebPage","@id":"https:\/\/www.vacancescostabrava.cat\/fr\/conditions-de-location\/","url":"https:\/\/www.vacancescostabrava.cat\/fr\/conditions-de-location\/","name":"Conditions de location - Vacances Costa Brava","isPartOf":{"@id":"https:\/\/www.vacancescostabrava.cat\/fr\/#website"},"primaryImageOfPage":{"@id":"https:\/\/www.vacancescostabrava.cat\/fr\/conditions-de-location\/#primaryimage"},"image":{"@id":"https:\/\/www.vacancescostabrava.cat\/fr\/conditions-de-location\/#primaryimage"},"thumbnailUrl":"https:\/\/www.vacancescostabrava.cat\/wp-content\/uploads\/2021\/01\/RRS-SS-Vacances-Costa-brava.jpg","datePublished":"2021-01-08T16:05:38+00:00","dateModified":"2021-02-26T11:53:34+00:00","description":"Apartamentos, casas y villas para alquilar y vender en La Costa Brava. Reserva con Vacances Costa Brava y disfruta de unas vacaciones inolvidables.","breadcrumb":{"@id":"https:\/\/www.vacancescostabrava.cat\/fr\/conditions-de-location\/#breadcrumb"},"inLanguage":"fr-FR","potentialAction":[{"@type":"ReadAction","target":["https:\/\/www.vacancescostabrava.cat\/fr\/conditions-de-location\/"]}]},{"@type":"BreadcrumbList","@id":"https:\/\/www.vacancescostabrava.cat\/fr\/conditions-de-location\/#breadcrumb","itemListElement":[{"@type":"ListItem","position":1,"name":"Inicio","item":"https:\/\/www.vacancescostabrava.cat\/fr\/"},{"@type":"ListItem","position":2,"name":"Conditions de location"}]},{"@type":"WebSite","@id":"https:\/\/www.vacancescostabrava.cat\/fr\/#website","url":"https:\/\/www.vacancescostabrava.cat\/fr\/","name":"Vacances Costa Brava","description":"Alquiler de Apartamentos y Casas y Villas para vacaciones en La Costa Brava. Grup Mart\u00ed, con m\u00e1s de 50 a\u00f1os de experiencia.","publisher":{"@id":"https:\/\/www.vacancescostabrava.cat\/fr\/#organization"},"potentialAction":[{"@type":"SearchAction","target":{"@type":"EntryPoint","urlTemplate":"https:\/\/www.vacancescostabrava.cat\/rental-list-results\/?search_text={search_term_string}"},"query-input":{"@type":"PropertyValueSpecification","valueRequired":true,"valueName":"search_term_string"}}],"inLanguage":"fr-FR"},{"@type":"Organization","@id":"https:\/\/www.vacancescostabrava.cat\/fr\/#organization","name":"Vacances Costa Brava","url":"https:\/\/www.vacancescostabrava.cat\/fr\/","logo":{"@type":"ImageObject","inLanguage":"fr-FR","@id":"https:\/\/www.vacancescostabrava.cat\/fr\/#\/schema\/logo\/image\/","url":"https:\/\/www.vacancescostabrava.cat\/wp-content\/uploads\/2021\/01\/cropped-logo-prov.png","contentUrl":"https:\/\/www.vacancescostabrava.cat\/wp-content\/uploads\/2021\/01\/cropped-logo-prov.png","width":1590,"height":327,"caption":"Vacances Costa Brava"},"image":{"@id":"https:\/\/www.vacancescostabrava.cat\/fr\/#\/schema\/logo\/image\/"}}]}},"_links":{"self":[{"href":"https:\/\/www.vacancescostabrava.cat\/fr\/wp-json\/wp\/v2\/pages\/1514","targetHints":{"allow":["GET"]}}],"collection":[{"href":"https:\/\/www.vacancescostabrava.cat\/fr\/wp-json\/wp\/v2\/pages"}],"about":[{"href":"https:\/\/www.vacancescostabrava.cat\/fr\/wp-json\/wp\/v2\/types\/page"}],"author":[{"embeddable":true,"href":"https:\/\/www.vacancescostabrava.cat\/fr\/wp-json\/wp\/v2\/users\/1"}],"replies":[{"embeddable":true,"href":"https:\/\/www.vacancescostabrava.cat\/fr\/wp-json\/wp\/v2\/comments?post=1514"}],"version-history":[{"count":0,"href":"https:\/\/www.vacancescostabrava.cat\/fr\/wp-json\/wp\/v2\/pages\/1514\/revisions"}],"wp:featuredmedia":[{"embeddable":true,"href":"https:\/\/www.vacancescostabrava.cat\/fr\/wp-json\/wp\/v2\/media\/1098"}],"wp:attachment":[{"href":"https:\/\/www.vacancescostabrava.cat\/fr\/wp-json\/wp\/v2\/media?parent=1514"}],"curies":[{"name":"wp","href":"https:\/\/api.w.org\/{rel}","templated":true}]}}